{"id":1078,"date":"2017-02-27T14:21:47","date_gmt":"2017-02-27T14:21:47","guid":{"rendered":"http:\/\/www.hungart.org\/wordpress\/en\/?page_id=1078"},"modified":"2019-11-05T13:04:10","modified_gmt":"2019-11-05T13:04:10","slug":"kapcsolat","status":"publish","type":"page","link":"https:\/\/www.hungart.org\/en\/kapcsolat\/","title":{"rendered":"Contact"},"content":{"rendered":"<div id=\"pg-1078-0\"  class=\"panel-grid\" ><div class=\"panel-grid-core\"><div id=\"pgc-1078-0-0\"  class=\"panel-grid-cell \" ><div class=\"panel-widget-style\" ><div class=\"sc-gmap3 sc-gmap3-wide\"><div class=\"gmap3\" data-wide=\"on\" data-scrollwheel=\"on\"><div class=\"gmap3-scroll\" data-scrollwheel=\"on\"><\/div><iframe style=\"max-height: 350px;\" width=\"1800\" height=\"350\" frameborder=\"0\" scrolling=\"no\" marginheight=\"0\" marginwidth=\"0\" src=\"https:\/\/maps.google.com\/maps?f=q&source=s_q&hl=en&geocode=&q=FAlk+Miksa+str.+30+1055-Budapest&ie=UTF8&t=m&z=15&output=embed\"><\/iframe><\/div><\/div><\/div><\/div><\/div><\/div><div id=\"pg-1078-1\"  class=\"panel-grid\" ><div class=\"panel-grid-core\"><div id=\"pgc-1078-1-0\"  class=\"panel-grid-cell \" ><div class=\"panel-widget-style\" style=\"margin-top: 30px !important;\" ><p>Office<\/p>\n<p>Address: Falk Miksa str. 30. 3. floor, 1055-Budapest<\/p>\n<p>Phone: +36(1) 302-4386<br \/>\nTelefon\/fax: +36(1) 302-3810<br \/>\nE-mail: <a target=\"_blank\" href=\"mailto:hungart@hungart.org\">hungart@hungart.org<\/a><\/p>\n<p>General secretary:<br \/>\nOrsolya Benk\u0151<br \/>\nSecretary:<br \/>\nPetra Szigeti Kov\u00e1cs<br \/>\n\u00c1gnes Boniv\u00e1rt<\/p>\n<\/div><\/div><div id=\"pgc-1078-1-1\"  class=\"panel-grid-cell \" ><div class=\"panel-widget-style\" style=\"margin-top: 78px !important;\" ><p>Office hours:<br \/>\nM-Th: 9 am.-16 pm, F: 9 am-15 pm<\/p>\n<p>Chairman: Gy\u0151z\u0151 S\u00e1rk\u00e1ny<br \/>\nLegal advisor:<br \/>\nErzs\u00e9bet Gy\u0151ri<br \/>\nPhone\/fax: +36(1) 311-6259, +36(1) 331-6117<\/p>\n<\/div><\/div><\/div><\/div>","protected":false},"excerpt":{"rendered":"<p>Office Address: Falk Miksa str. 30. 3. floor, 1055-Budapest Phone: +36(1) 302-4386 Telefon\/fax: +36(1) 302-3810 E-mail: hungart@hungart.org General secretary: Orsolya Benk\u0151 Secretary: Petra Szigeti Kov\u00e1cs \u00c1gnes Boniv\u00e1rt Office hours: M-Th: 9 am.-16 pm, F: 9 am-15 pm Chairman: Gy\u0151z\u0151 S\u00e1rk\u00e1ny Legal advisor: Erzs\u00e9bet Gy\u0151ri Phone\/fax: +36(1) 311-6259, +36(1) 331-6117<\/p>\n","protected":false},"author":3,"featured_media":1191,"parent":0,"menu_order":0,"comment_status":"closed","ping_status":"closed","template":"","meta":[],"categories":[],"tags":[],"_links":{"self":[{"href":"https:\/\/www.hungart.org\/en\/wp-json\/wp\/v2\/pages\/1078"}],"collection":[{"href":"https:\/\/www.hungart.org\/en\/wp-json\/wp\/v2\/pages"}],"about":[{"href":"https:\/\/www.hungart.org\/en\/wp-json\/wp\/v2\/types\/page"}],"author":[{"embeddable":true,"href":"https:\/\/www.hungart.org\/en\/wp-json\/wp\/v2\/users\/3"}],"replies":[{"embeddable":true,"href":"https:\/\/www.hungart.org\/en\/wp-json\/wp\/v2\/comments?post=1078"}],"version-history":[{"count":9,"href":"https:\/\/www.hungart.org\/en\/wp-json\/wp\/v2\/pages\/1078\/revisions"}],"predecessor-version":[{"id":12804,"href":"https:\/\/www.hungart.org\/en\/wp-json\/wp\/v2\/pages\/1078\/revisions\/12804"}],"wp:featuredmedia":[{"embeddable":true,"href":"https:\/\/www.hungart.org\/en\/wp-json\/wp\/v2\/media\/1191"}],"wp:attachment":[{"href":"https:\/\/www.hungart.org\/en\/wp-json\/wp\/v2\/media?parent=1078"}],"wp:term":[{"taxonomy":"category","embeddable":true,"href":"https:\/\/www.hungart.org\/en\/wp-json\/wp\/v2\/categories?post=1078"},{"taxonomy":"post_tag","embeddable":true,"href":"https:\/\/www.hungart.org\/en\/wp-json\/wp\/v2\/tags?post=1078"}],"curies":[{"name":"wp","href":"https:\/\/api.w.org\/{rel}","templated":true}]}}