{"id":1131,"date":"2017-02-28T13:37:58","date_gmt":"2017-02-28T13:37:58","guid":{"rendered":"http:\/\/www.hungart.org\/wordpress\/en\/?page_id=1131"},"modified":"2018-07-05T08:51:58","modified_gmt":"2018-07-05T08:51:58","slug":"our-sister-societies","status":"publish","type":"page","link":"https:\/\/www.hungart.org\/en\/our-sister-societies\/","title":{"rendered":"Our international partner organisations"},"content":{"rendered":"<div class=\"hirszoveg\"><b><i>Argentina: <\/i><\/b>ASOCIACI\u00d3N DE ARTISTAS VISUALES ARGENTINOS- <b>SAVA<\/b><\/div>\n<div class=\"hirszoveg\"><a class=\"linkszoveg\" href=\"http:\/\/www.sava.org.ar\">www.sava.org.ar<\/a><\/div>\n<div class=\"hirszoveg\"><\/div>\n<div class=\"hirszoveg\"><b><i>Australia<\/i><\/b>: VISUAL ARTS COPYRIGHT COLLECTING AGENCY \u2013 <b>VISCOPY<\/b><\/div>\n<div class=\"hirszoveg\"><a class=\"linkszoveg\" href=\"http:\/\/www.viscopy.com\">www.viscopy.com<\/a><\/div>\n<div class=\"hirszoveg\"><\/div>\n<div class=\"hirszoveg\"><b><i>Austria<\/i><\/b>: VERWERTUNGSGESELLSCHAFT BILDENDER K\u00dcNSTLER \u2013 <b>Bildrecht<\/b><\/div>\n<div class=\"hirszoveg\"><a class=\"linkszoveg\" href=\"http:\/\/www.bildrecht.at\">www.bildrecht.at<\/a><\/div>\n<div class=\"hirszoveg\"><\/div>\n<div class=\"hirszoveg\"><b><i>Belgium<\/i><\/b>: SOCI\u00c9T\u00c9 BELGE DES AUTEURS, COMPOSITEURS ET EDITEURS \u2013 <b>SABAM<\/b><\/div>\n<div class=\"hirszoveg\"><a class=\"linkszoveg\" href=\"http:\/\/www.sabam.be\">www.sabam.be<\/a><\/div>\n<div class=\"hirszoveg\"><\/div>\n<div class=\"hirszoveg\"><b><i>Belgium<\/i><\/b>: SOCI\u00c9T\u00c9 MULTIM\u00c9DIA DES AUTEURS DES ARTS VISUELS \u2013 <b>SOFAM<\/b><\/div>\n<div class=\"hirszoveg\"><a class=\"linkszoveg\" href=\"http:\/\/www.sofam.be\">www.sofam.be<\/a><\/div>\n<div class=\"hirszoveg\"><\/div>\n<div class=\"hirszoveg\"><b><i>Brazil<\/i><\/b>: ASSOCIA\u00c7AO BRASILEIRA DOS DIREITOS DE AUTORES VISUAIS \u2013 <b>AUTVIS<\/b><\/div>\n<div class=\"hirszoveg\"><a class=\"linkszoveg\" href=\"http:\/\/www.autvis.org.br\">www.autvis.org.br<\/a><\/div>\n<div class=\"hirszoveg\"><\/div>\n<div class=\"hirszoveg\"><b><i>Canada<\/i><\/b>: SOCI\u00c9T\u00c9 DE DROITS D&#8217;AUTEUR EN ARTS VISUELS \u2013 <b>SODRAC<\/b><\/div>\n<div class=\"hirszoveg\"><a class=\"linkszoveg\" href=\"http:\/\/www.sodrac.com\">www.sodrac.com<\/a><\/div>\n<div class=\"hirszoveg\"><\/div>\n<div class=\"hirszoveg\"><b><i>Chile<\/i><\/b>: SOCIEDAD DE GESTION DE LOS CREADORES DE IMAGEN FIJA \u2013 <b>CREAIMAGEN<\/b><\/div>\n<div class=\"hirszoveg\"><a class=\"linkszoveg\" href=\"http:\/\/www.creaimagen.cl\">www.creaimagen.cl<\/a><\/div>\n<div class=\"hirszoveg\"><\/div>\n<div class=\"hirszoveg\"><b><i>Croatia: HAA-ARS CROATICA<\/i><\/b><\/div>\n<div class=\"hirszoveg\"><a class=\"linkszoveg\" href=\"http:\/\/www.haa.hr\">www.haa.hr<\/a><\/div>\n<div class=\"hirszoveg\"><\/div>\n<div class=\"hirszoveg\"><b><i>Czech Republic<\/i><\/b>: ASSOCIATION OF AUTHORS OF THE WORKS OF FINE ARTS ARCHITECTURE AND PICTURE PLANE OF AUDIOVISUAL WORKS &#8211; <b>OOA-S<\/b><\/div>\n<div class=\"hirszoveg\"><a class=\"linkszoveg\" href=\"http:\/\/www.ooas.cz\">www.ooas.cz<\/a><\/div>\n<div class=\"hirszoveg\"><\/div>\n<div class=\"hirszoveg\"><b><i>Czech Republic:\u00a0<\/i><\/b>THE UNION FOR THE PROTECTION OF AUTHORSHIP &#8211;\u00a0<b>GESTOR<\/b><\/div>\n<div class=\"hirszoveg\"><a class=\"linkszoveg\" href=\"http:\/\/www.ooas.cz\">www.gestor.cz<\/a><\/div>\n<div class=\"hirszoveg\"><\/div>\n<div class=\"hirszoveg\"><b><i>Denmark<\/i><\/b>: Reciprocity Treaty for the administration of visual artists&#8217; rights &#8211;<b>Copydan Billeder<\/b><\/div>\n<div class=\"hirszoveg\"><a class=\"linkszoveg\" href=\"http:\/\/www.copydan.dk\">www.copydan.dk<\/a><\/div>\n<div class=\"hirszoveg\"><\/div>\n<div class=\"hirszoveg\"><b><i>Estonia<\/i><\/b>: EESTI AUTORITE UHING \u2013 <b>EA\u00dc<\/b><\/div>\n<div class=\"hirszoveg\"><a class=\"linkszoveg\" href=\"http:\/\/www.eau.org\">www.eau.org<\/a><\/div>\n<div class=\"hirszoveg\"><\/div>\n<div class=\"hirszoveg\"><b><i>Finland<\/i><\/b>: Reciprocity Treaty for the administration of film authors&#8217; rights\u2013 <b>KOPIOSTO<\/b><\/div>\n<div class=\"hirszoveg\"><a class=\"linkszoveg\" href=\"http:\/\/www.kopiosto.fi\">www.kopiosto.fi<\/a><\/div>\n<div class=\"hirszoveg\"><\/div>\n<div class=\"hirszoveg\"><b><i>Finland<\/i><\/b>: Reciprocity Treaty for the administration of visual artists&#8217; and photographers&#8217; rights\u2013 <b>KUVASTO<\/b><\/div>\n<div class=\"hirszoveg\"><a class=\"linkszoveg\" href=\"http:\/\/www.kuvastory.fi\">www.kuvastory.fi<\/a><\/div>\n<div class=\"hirszoveg\"><\/div>\n<div class=\"hirszoveg\"><b><i>France<\/i><\/b>: LA SOCIETE DES AUTEURS DANS LES ARTS GRAPHIQUES ET PLASTIQUES \u2013 <b>ADAGP<\/b><\/div>\n<div class=\"hirszoveg\"><a class=\"linkszoveg\" href=\"http:\/\/www.adagp.fr\">www.adagp.fr<\/a><\/div>\n<div class=\"hirszoveg\"><\/div>\n<div class=\"hirszoveg\"><b><i>France: <\/i><\/b>Soci\u00e9t\u00e9 des Auteurs des arts visuels et de l\u2019Image Fixe &#8211;<b> La SAIF<\/b><\/div>\n<div class=\"hirszoveg\"><a class=\"linkszoveg\" href=\"http:\/\/www.adagp.fr\">www.saif.fr<\/a><\/div>\n<div class=\"hirszoveg\"><\/div>\n<div class=\"hirszoveg\"><b><i>France<\/i><\/b>: LES H\u00c9RITIERS MATISSE &#8211; <b>LES H\u00c9RITIERS MATISSE<\/b><\/div>\n<div class=\"hirszoveg\"><\/div>\n<div class=\"hirszoveg\"><b><i>France<\/i><\/b><i>:<\/i> <b>PICASSO ADMINISTRATION<\/b><\/div>\n<div class=\"hirszoveg\"><a class=\"linkszoveg\" href=\"http:\/\/www.picasso.fr\">www.picasso.fr<\/a><\/div>\n<div class=\"hirszoveg\"><\/div>\n<div class=\"hirszoveg\"><b><i>Georgia: <\/i><\/b>GEORGIAN AUTHORS\u2019 SOCIETY<b><i> &#8211; <\/i>SAS<\/b><\/div>\n<div class=\"hirszoveg\"><a class=\"linkszoveg\" href=\"http:\/\/www.sas.org.ge\">www.sas.org.ge<\/a><\/div>\n<div class=\"hirszoveg\"><\/div>\n<div class=\"hirszoveg\"><b><i>Germany<\/i><\/b>: VERWERTUNGSGESELLSCHAFT BILD-KUNST &#8211; <b>VG BILD \u2013 KUNST<\/b><\/div>\n<div class=\"hirszoveg\"><a class=\"linkszoveg\" href=\"http:\/\/www.bildkunst.de\/index.html\">http:\/\/www.bildkunst.de\/index.html<\/a><\/div>\n<div class=\"hirszoveg\"><\/div>\n<div class=\"hirszoveg\"><b><i>Great Britain:<\/i><\/b> DESIGN AND ARTISTS COPYRIGHT SOCIETY LIMITED \u2013 <b>DACS<\/b><\/div>\n<div class=\"hirszoveg\"><a class=\"linkszoveg\" href=\"http:\/\/www.dacs.org.uk\">www.dacs.org.uk<\/a><\/div>\n<div class=\"hirszoveg\"><\/div>\n<div class=\"hirszoveg\"><b><i>Italy:<\/i><\/b> SOCIETA ITALIANA DEGLI AUTORI ED EDITORI &#8211; <b>SIAE<i>\u00a0<\/i><\/b><\/div>\n<div class=\"hirszoveg\"><a class=\"linkszoveg\" href=\"http:\/\/www.siae.it\">www.siae.it<\/a><\/div>\n<div class=\"hirszoveg\"><\/div>\n<div class=\"hirszoveg\"><b><i>Japan: JASPAR, <\/i><\/b>Japanese Society for Protecting Artists&#8217; Rights<\/div>\n<div class=\"hirszoveg\"><\/div>\n<div class=\"hirszoveg\"><b><i>Latvia<\/i><\/b>: COPYRIGHT AND COMMUNICATION CONSULTING AGENCY\/LATVIAN COPYRIGHT AGENCY &#8211; <b>AKKA\/LAA<\/b><\/div>\n<div class=\"hirszoveg\"><a class=\"linkszoveg\" href=\"http:\/\/www.akka-laa.lv\/eng\/\">http:\/\/www.akka-laa.lv\/eng\/<\/a><\/div>\n<div class=\"hirszoveg\"><\/div>\n<div class=\"hirszoveg\"><b><i>Lithuania<\/i><\/b>: LIETUVOS AUTORIU TEISIU GYNIMO ASOCIACIJOS AGENTURA \u2013 <b>LATGAA<\/b><\/div>\n<div class=\"hirszoveg\"><a class=\"linkszoveg\" href=\"http:\/\/www.latga.lt\">www.latga.lt<\/a><\/div>\n<div class=\"hirszoveg\"><\/div>\n<div class=\"hirszoveg\"><b><i>Mexico: <\/i><\/b>SOCIEDAD MEXICANA DE AUTORES DE LAS ARTES PLASTICAS, S.C.G .DE I.P<b> \u2013<\/b><b>SOMAAP<\/b><\/div>\n<div class=\"hirszoveg\"><a class=\"linkszoveg\" href=\"http:\/\/www.somaap.com\">www.somaap.com<\/a><\/div>\n<div class=\"hirszoveg\"><\/div>\n<div class=\"hirszoveg\"><b><i>Norway<\/i><\/b>: BILLEDKUNST OPPHAVSRETT I NORGE \u2013 <b>BONO<\/b><\/div>\n<div class=\"hirszoveg\"><a class=\"linkszoveg\" href=\"http:\/\/www.bono.no\">www.bono.no<\/a><\/div>\n<div class=\"hirszoveg\"><\/div>\n<div class=\"hirszoveg\"><b><i>Portugal<\/i><\/b>: SOCIEDADE PORTUGUESA DE AUTORES \u2013 <b>SPA<\/b><\/div>\n<div class=\"hirszoveg\"><a class=\"linkszoveg\" href=\"http:\/\/www.hungart.org\/%2522http:\/\">www.spautores.pt<\/a><\/div>\n<div class=\"hirszoveg\"><\/div>\n<div class=\"hirszoveg\"><b><i>Romania<\/i><\/b>: THE ROMANIAN VISUAL ARTS COPYRIGHT COLLECTING SOCIETY \u2013 <b>VISARTA<\/b><\/div>\n<div class=\"hirszoveg\"><a class=\"linkszoveg\" href=\"http:\/\/www.visarta.ro\">www.visarta.ro<\/a><\/div>\n<div class=\"hirszoveg\"><\/div>\n<div class=\"hirszoveg\"><b><i>Russia<\/i><\/b>: RUSSIAN AUTHORS SOCIETY \u2013 <b>RAO<\/b><\/div>\n<div class=\"hirszoveg\"><a class=\"linkszoveg\" href=\"http:\/\/www.rao.ru\">www.rao.ru<\/a><\/div>\n<div class=\"hirszoveg\"><\/div>\n<div class=\"hirszoveg\"><b><i>Russia<\/i><\/b>: <b>UPRAVIS<\/b><\/div>\n<div class=\"hirszoveg\">www.upravis.ru<\/div>\n<div class=\"hirszoveg\"><\/div>\n<div class=\"hirszoveg\"><b><i>Slovakia<\/i><\/b>: SLOVAK COPYRIGHT ACT \u2013 <b>LITA<\/b><\/div>\n<div class=\"hirszoveg\"><a class=\"linkszoveg\" href=\"http:\/\/www.lita.sk\">www.lita.sk<\/a><\/div>\n<div class=\"hirszoveg\"><\/div>\n<div class=\"hirszoveg\"><b><i>South Korea<\/i><\/b>: SOCIETY OF ARTIST&#8217;S COPYRIGHT OF KOREA \u2013 <b>SACK<\/b><\/div>\n<div class=\"hirszoveg\"><a class=\"linkszoveg\" href=\"http:\/\/www.sack.or.kr\/en.php\">http:\/\/www.sack.or.kr\/en.php<\/a><\/div>\n<div class=\"hirszoveg\"><\/div>\n<div class=\"hirszoveg\"><b><i>Spain<\/i><\/b>: SOCIETY VISUAL ENTIDAD DE GESTI\u00d3N DE ARTISTAS \u2013 <b>VEGAP<\/b><\/div>\n<div class=\"hirszoveg\"><a class=\"linkszoveg\" href=\"http:\/\/www.vegap.es\">www.vegap.es<\/a><\/div>\n<div class=\"hirszoveg\"><\/div>\n<div class=\"hirszoveg\"><b><i>Sweden<\/i><\/b>: BILDUPPHOVSR\u00c4TT I SVERIGE \u2013 <b>Bildupphovsr\u00e4tt<\/b><\/div>\n<div class=\"hirszoveg\"><a class=\"linkszoveg\" href=\"http:\/\/www.bus.se\">www.bus.se<\/a><\/div>\n<div class=\"hirszoveg\"><\/div>\n<div class=\"hirszoveg\"><b><i>Switzerland<\/i><\/b>: SCHWEIZERISCHE URHEBERRECHTSGESELLSCHAFT F\u00dcR LITERATUR UND BILDENE KUNST &#8211; <b>PRO-LITTERIS<\/b><\/div>\n<div class=\"hirszoveg\"><a class=\"linkszoveg\" href=\"http:\/\/www.prolitteris.ch\">www.prolitteris.ch<\/a><\/div>\n<div class=\"hirszoveg\"><\/div>\n<div class=\"hirszoveg\"><b><i>The Netherlands:<\/i><\/b> <b>PICTORIGHT\u00a0<\/b><\/div>\n<div class=\"hirszoveg\"><a class=\"linkszoveg\" href=\"http:\/\/www.pictoright.nl\">www.pictoright.nl<\/a><\/div>\n<div class=\"hirszoveg\"><\/div>\n<div class=\"hirszoveg\"><b><i>Uruguay: <\/i><\/b>ASOCIATION GENERAL DE AUTORES DEL URUGUAY<b><i> \u2013 <\/i>AGADU<\/b><\/div>\n<div class=\"hirszoveg\"><a class=\"linkszoveg\" href=\"http:\/\/www.agadu.com.uy\">www.agadu.com.uy<\/a><\/div>\n<div class=\"hirszoveg\"><\/div>\n<div class=\"hirszoveg\"><b><i>USA<\/i><\/b>: ARTISTS RIGHTS SOCIETY, Inc. \u2013 <b>ARS<\/b><\/div>\n<div class=\"hirszoveg\"><a class=\"linkszoveg\" href=\"http:\/\/www.arsny.com\">www.arsny.com<\/a><\/div>\n<div class=\"hirszoveg\"><b><i>USA<\/i><\/b><b><i>:<\/i><\/b> ESTATE OF ROY LICTHENSTEIN<\/div>\n<div class=\"hirszoveg\"><a class=\"linkszoveg\" href=\"http:\/\/www.lichtensteinfoundation.org\">www.lichtensteinfoundation.org<\/a><\/div>\n","protected":false},"excerpt":{"rendered":"<p>Argentina: ASOCIACI\u00d3N DE ARTISTAS VISUALES ARGENTINOS- SAVA www.sava.org.ar Australia: VISUAL ARTS COPYRIGHT COLLECTING AGENCY \u2013 VISCOPY www.viscopy.com Austria: VERWERTUNGSGESELLSCHAFT BILDENDER K\u00dcNSTLER \u2013 Bildrecht www.bildrecht.at Belgium: SOCI\u00c9T\u00c9 BELGE DES AUTEURS, COMPOSITEURS ET EDITEURS \u2013 SABAM www.sabam.be Belgium: SOCI\u00c9T\u00c9 MULTIM\u00c9DIA DES AUTEURS DES ARTS VISUELS \u2013 SOFAM www.sofam.be Brazil: ASSOCIA\u00c7AO BRASILEIRA DOS DIREITOS DE AUTORES VISUAIS \u2013&hellip;<\/p>\n<p class=\"more-link\"><a href=\"https:\/\/www.hungart.org\/en\/our-sister-societies\/\" class=\"themebutton\">Read More<\/a><\/p>\n","protected":false},"author":3,"featured_media":1191,"parent":0,"menu_order":0,"comment_status":"closed","ping_status":"closed","template":"","meta":[],"categories":[],"tags":[],"_links":{"self":[{"href":"https:\/\/www.hungart.org\/en\/wp-json\/wp\/v2\/pages\/1131"}],"collection":[{"href":"https:\/\/www.hungart.org\/en\/wp-json\/wp\/v2\/pages"}],"about":[{"href":"https:\/\/www.hungart.org\/en\/wp-json\/wp\/v2\/types\/page"}],"author":[{"embeddable":true,"href":"https:\/\/www.hungart.org\/en\/wp-json\/wp\/v2\/users\/3"}],"replies":[{"embeddable":true,"href":"https:\/\/www.hungart.org\/en\/wp-json\/wp\/v2\/comments?post=1131"}],"version-history":[{"count":5,"href":"https:\/\/www.hungart.org\/en\/wp-json\/wp\/v2\/pages\/1131\/revisions"}],"predecessor-version":[{"id":12662,"href":"https:\/\/www.hungart.org\/en\/wp-json\/wp\/v2\/pages\/1131\/revisions\/12662"}],"wp:featuredmedia":[{"embeddable":true,"href":"https:\/\/www.hungart.org\/en\/wp-json\/wp\/v2\/media\/1191"}],"wp:attachment":[{"href":"https:\/\/www.hungart.org\/en\/wp-json\/wp\/v2\/media?parent=1131"}],"wp:term":[{"taxonomy":"category","embeddable":true,"href":"https:\/\/www.hungart.org\/en\/wp-json\/wp\/v2\/categories?post=1131"},{"taxonomy":"post_tag","embeddable":true,"href":"https:\/\/www.hungart.org\/en\/wp-json\/wp\/v2\/tags?post=1131"}],"curies":[{"name":"wp","href":"https:\/\/api.w.org\/{rel}","templated":true}]}}