{"id":12257,"date":"2017-06-23T09:09:11","date_gmt":"2017-06-23T09:09:11","guid":{"rendered":"http:\/\/www.hungart.org\/wordpress\/en\/?page_id=12257"},"modified":"2019-01-08T13:39:58","modified_gmt":"2019-01-08T13:39:58","slug":"downloads","status":"publish","type":"page","link":"https:\/\/www.hungart.org\/en\/downloads\/","title":{"rendered":"Downloads"},"content":{"rendered":"<p><a href=\"http:\/\/www.hungart.org\/wp-content\/storage\/2019\/01\/Jogos\u00edt\u00e1si-k\u00e9relem.APPLICATION_2019.docx\">Licensing Application<\/a><\/p>\n","protected":false},"excerpt":{"rendered":"<p>Licensing Application<\/p>\n","protected":false},"author":5,"featured_media":0,"parent":0,"menu_order":0,"comment_status":"closed","ping_status":"closed","template":"","meta":[],"categories":[],"tags":[],"_links":{"self":[{"href":"https:\/\/www.hungart.org\/en\/wp-json\/wp\/v2\/pages\/12257"}],"collection":[{"href":"https:\/\/www.hungart.org\/en\/wp-json\/wp\/v2\/pages"}],"about":[{"href":"https:\/\/www.hungart.org\/en\/wp-json\/wp\/v2\/types\/page"}],"author":[{"embeddable":true,"href":"https:\/\/www.hungart.org\/en\/wp-json\/wp\/v2\/users\/5"}],"replies":[{"embeddable":true,"href":"https:\/\/www.hungart.org\/en\/wp-json\/wp\/v2\/comments?post=12257"}],"version-history":[{"count":6,"href":"https:\/\/www.hungart.org\/en\/wp-json\/wp\/v2\/pages\/12257\/revisions"}],"predecessor-version":[{"id":12751,"href":"https:\/\/www.hungart.org\/en\/wp-json\/wp\/v2\/pages\/12257\/revisions\/12751"}],"wp:attachment":[{"href":"https:\/\/www.hungart.org\/en\/wp-json\/wp\/v2\/media?parent=12257"}],"wp:term":[{"taxonomy":"category","embeddable":true,"href":"https:\/\/www.hungart.org\/en\/wp-json\/wp\/v2\/categories?post=12257"},{"taxonomy":"post_tag","embeddable":true,"href":"https:\/\/www.hungart.org\/en\/wp-json\/wp\/v2\/tags?post=12257"}],"curies":[{"name":"wp","href":"https:\/\/api.w.org\/{rel}","templated":true}]}}