{"id":12299,"date":"2017-06-27T13:28:15","date_gmt":"2017-06-27T13:28:15","guid":{"rendered":"http:\/\/www.hungart.org\/wordpress\/?page_id=12299\/"},"modified":"2022-10-17T09:08:47","modified_gmt":"2022-10-17T09:08:47","slug":"annual-reports","status":"publish","type":"page","link":"https:\/\/www.hungart.org\/en\/annual-reports\/","title":{"rendered":"Annual reports"},"content":{"rendered":"<p><a href=\"http:\/\/www.hungart.org\/wp-content\/storage\/2022\/10\/22P27183BUD-01-01_23.pdf\">Annual Report 2021<\/a><\/p>\n<p><a href=\"http:\/\/www.hungart.org\/wp-content\/storage\/2021\/11\/2020-Annual-Report.pdf\">Annual Report 2020<\/a><\/p>\n<p><a href=\"http:\/\/www.hungart.org\/wp-content\/storage\/2020\/08\/2019.-\u00e9vi-besz\u00e1mol\u00f3_EN.pdf\">Annual Report 2019<\/a><\/p>\n<p><a href=\"http:\/\/www.hungart.org\/wp-content\/storage\/2019\/06\/Annual-Report.pdf\">Annual Report 2018<\/a><\/p>\n<p><a href=\"http:\/\/www.hungart.org\/wp-content\/storage\/2018\/06\/2017-Annual-Report_jav\u00edtott.pdf\">Annual Report 2017<\/a><\/p>\n<p>&nbsp;<\/p>\n<p>&nbsp;<\/p>\n<p>&nbsp;<\/p>\n<p>&nbsp;<\/p>\n","protected":false},"excerpt":{"rendered":"<p>Annual Report 2021 Annual Report 2020 Annual Report 2019 Annual Report 2018 Annual Report 2017 &nbsp; &nbsp; &nbsp; &nbsp;<\/p>\n","protected":false},"author":5,"featured_media":0,"parent":0,"menu_order":0,"comment_status":"closed","ping_status":"closed","template":"","meta":[],"categories":[],"tags":[],"_links":{"self":[{"href":"https:\/\/www.hungart.org\/en\/wp-json\/wp\/v2\/pages\/12299"}],"collection":[{"href":"https:\/\/www.hungart.org\/en\/wp-json\/wp\/v2\/pages"}],"about":[{"href":"https:\/\/www.hungart.org\/en\/wp-json\/wp\/v2\/types\/page"}],"author":[{"embeddable":true,"href":"https:\/\/www.hungart.org\/en\/wp-json\/wp\/v2\/users\/5"}],"replies":[{"embeddable":true,"href":"https:\/\/www.hungart.org\/en\/wp-json\/wp\/v2\/comments?post=12299"}],"version-history":[{"count":11,"href":"https:\/\/www.hungart.org\/en\/wp-json\/wp\/v2\/pages\/12299\/revisions"}],"predecessor-version":[{"id":13197,"href":"https:\/\/www.hungart.org\/en\/wp-json\/wp\/v2\/pages\/12299\/revisions\/13197"}],"wp:attachment":[{"href":"https:\/\/www.hungart.org\/en\/wp-json\/wp\/v2\/media?parent=12299"}],"wp:term":[{"taxonomy":"category","embeddable":true,"href":"https:\/\/www.hungart.org\/en\/wp-json\/wp\/v2\/categories?post=12299"},{"taxonomy":"post_tag","embeddable":true,"href":"https:\/\/www.hungart.org\/en\/wp-json\/wp\/v2\/tags?post=12299"}],"curies":[{"name":"wp","href":"https:\/\/api.w.org\/{rel}","templated":true}]}}