{"id":12391,"date":"2017-07-06T14:26:56","date_gmt":"2017-07-06T14:26:56","guid":{"rendered":"http:\/\/www.hungart.org\/wordpress\/?page_id=12391\/"},"modified":"2018-07-09T09:52:15","modified_gmt":"2018-07-09T09:52:15","slug":"artists-not-licensed","status":"publish","type":"page","link":"https:\/\/www.hungart.org\/en\/artists-not-licensed\/","title":{"rendered":"Artists not licensed"},"content":{"rendered":"<table width=\"326\">\n<tbody>\n<tr>\n<td width=\"203\"><strong>Artist name<\/strong><\/td>\n<td width=\"123\"><strong>Since<\/strong><\/td>\n<\/tr>\n<tr>\n<td>Demeter Balla<\/td>\n<td>2009<\/td>\n<\/tr>\n<tr>\n<td>Andr\u00e1s B\u00e1nkuti<\/td>\n<td>2019<\/td>\n<\/tr>\n<tr>\n<td>Cornell Capa<\/td>\n<td>2014<\/td>\n<\/tr>\n<tr>\n<td>Robert Capa<\/td>\n<td>2014<\/td>\n<\/tr>\n<tr>\n<td>Kata Farkas<\/td>\n<td>2010<\/td>\n<\/tr>\n<tr>\n<td>Gy\u00f6rgy Gal\u00e1ntai<\/td>\n<td>2012<\/td>\n<\/tr>\n<tr>\n<td>Alice Inkey\/ Iv\u00e1nn\u00e9 Lakatos<\/td>\n<td>2018<\/td>\n<\/tr>\n<tr>\n<td>Tibor Inkey<\/td>\n<td>2018<\/td>\n<\/tr>\n<tr>\n<td>Andr\u00e1s J\u00f3k\u00fati<\/td>\n<td>2010<\/td>\n<\/tr>\n<tr>\n<td>Lajos Kass\u00e1k<\/td>\n<td>2001<\/td>\n<\/tr>\n<tr>\n<td>Di\u00e1na Keller<\/td>\n<td>2010<\/td>\n<\/tr>\n<tr>\n<td>Bal\u00e1zs Kicsiny<\/td>\n<td>2014<\/td>\n<\/tr>\n<tr>\n<td>B\u00e9la Kondor<\/td>\n<td>2005<\/td>\n<\/tr>\n<tr>\n<td>Ott\u00f3 Kopcs\u00e1nyi<\/td>\n<td>2007<\/td>\n<\/tr>\n<tr>\n<td>Attila K\u0151r\u00f6sy<\/td>\n<td>2010<\/td>\n<\/tr>\n<tr>\n<td>R\u00f3bert Kov\u00e1cs-Cohner<\/td>\n<td>2017<\/td>\n<\/tr>\n<tr>\n<td>Zolt\u00e1n Krizs\u00e1n-Keszei<\/td>\n<td>2010<\/td>\n<\/tr>\n<tr>\n<td>D\u00f3ra Mauer<\/td>\n<td>2013<\/td>\n<\/tr>\n<tr>\n<td>P\u00e9ter N\u00e1das<\/td>\n<td>2016<\/td>\n<\/tr>\n<tr>\n<td>L\u00e1szl\u00f3 N\u00e9meth<\/td>\n<td>2006<\/td>\n<\/tr>\n<tr>\n<td>Lucia \u0150sz<\/td>\n<td>2006<\/td>\n<\/tr>\n<tr>\n<td>S\u00e1ndorr Papp<\/td>\n<td>2004<\/td>\n<\/tr>\n<tr>\n<td>Di\u00e1na P\u00e1thi<\/td>\n<td>2010<\/td>\n<\/tr>\n<tr>\n<td>P\u00e9ter Rizmayer<\/td>\n<td>2010<\/td>\n<\/tr>\n<tr>\n<td>P\u00e1l Szacsvay<\/td>\n<td>2015<\/td>\n<\/tr>\n<tr>\n<td>K\u00e1roly Szel\u00e9nyi<\/td>\n<td>2005<\/td>\n<\/tr>\n<tr>\n<td>Menyh\u00e9rt T\u00f3th<\/td>\n<td>2003<\/td>\n<\/tr>\n<tr>\n<td>J\u00falia Vajda<\/td>\n<td>2007<\/td>\n<\/tr>\n<tr>\n<td>\u00c1d\u00e1m W\u00fcrtz<\/td>\n<td>2005<\/td>\n<\/tr>\n<\/tbody>\n<\/table>\n","protected":false},"excerpt":{"rendered":"<p>Artist name Since Demeter Balla 2009 Andr\u00e1s B\u00e1nkuti 2019 Cornell Capa 2014 Robert Capa 2014 Kata Farkas 2010 Gy\u00f6rgy Gal\u00e1ntai 2012 Alice Inkey\/ Iv\u00e1nn\u00e9 Lakatos 2018 Tibor Inkey 2018 Andr\u00e1s J\u00f3k\u00fati 2010 Lajos Kass\u00e1k 2001 Di\u00e1na Keller 2010 Bal\u00e1zs Kicsiny 2014 B\u00e9la Kondor 2005 Ott\u00f3 Kopcs\u00e1nyi 2007 Attila K\u0151r\u00f6sy 2010 R\u00f3bert Kov\u00e1cs-Cohner 2017 Zolt\u00e1n Krizs\u00e1n-Keszei&hellip;<\/p>\n<p class=\"more-link\"><a href=\"https:\/\/www.hungart.org\/en\/artists-not-licensed\/\" class=\"themebutton\">Read More<\/a><\/p>\n","protected":false},"author":5,"featured_media":0,"parent":0,"menu_order":0,"comment_status":"closed","ping_status":"closed","template":"","meta":[],"categories":[],"tags":[],"_links":{"self":[{"href":"https:\/\/www.hungart.org\/en\/wp-json\/wp\/v2\/pages\/12391"}],"collection":[{"href":"https:\/\/www.hungart.org\/en\/wp-json\/wp\/v2\/pages"}],"about":[{"href":"https:\/\/www.hungart.org\/en\/wp-json\/wp\/v2\/types\/page"}],"author":[{"embeddable":true,"href":"https:\/\/www.hungart.org\/en\/wp-json\/wp\/v2\/users\/5"}],"replies":[{"embeddable":true,"href":"https:\/\/www.hungart.org\/en\/wp-json\/wp\/v2\/comments?post=12391"}],"version-history":[{"count":4,"href":"https:\/\/www.hungart.org\/en\/wp-json\/wp\/v2\/pages\/12391\/revisions"}],"predecessor-version":[{"id":12670,"href":"https:\/\/www.hungart.org\/en\/wp-json\/wp\/v2\/pages\/12391\/revisions\/12670"}],"wp:attachment":[{"href":"https:\/\/www.hungart.org\/en\/wp-json\/wp\/v2\/media?parent=12391"}],"wp:term":[{"taxonomy":"category","embeddable":true,"href":"https:\/\/www.hungart.org\/en\/wp-json\/wp\/v2\/categories?post=12391"},{"taxonomy":"post_tag","embeddable":true,"href":"https:\/\/www.hungart.org\/en\/wp-json\/wp\/v2\/tags?post=12391"}],"curies":[{"name":"wp","href":"https:\/\/api.w.org\/{rel}","templated":true}]}}