{"id":12394,"date":"2017-05-03T16:41:09","date_gmt":"2017-05-03T16:41:09","guid":{"rendered":"http:\/\/www.hungart.org\/wordpress\/?page_id=12394\/"},"modified":"2017-07-07T09:22:37","modified_gmt":"2017-07-07T09:22:37","slug":"tagsag","status":"publish","type":"page","link":"https:\/\/www.hungart.org\/en\/tagsag\/","title":{"rendered":"Members"},"content":{"rendered":"<div id=\"pg-12394-0\"  class=\"panel-grid\" ><div class=\"panel-grid-core\"><div id=\"pgc-12394-0-0\"  class=\"panel-grid-cell \" ><div class=\"panel-widget-style\" ><p>Authors<\/p><\/div><\/div><\/div><\/div><div id=\"pg-12394-1\"  class=\"panel-grid\" ><div class=\"panel-grid-core\"><div id=\"pgc-12394-1-0\"  class=\"panel-grid-cell \" ><div class=\"panel-widget-style\" ><p><strong>A<\/strong><br \/>Aknay Csaba<br \/>Aknay J\u00e1nos<br \/>Albrecht J\u00falia<br \/>Alm\u00e1si L\u00e1szl\u00f3<br \/>And\u00f3 M\u00e1ria<br \/>Ap\u00e1ti-T\u00f3th S\u00e1ndor<br \/>Artner Margit<br \/>Atlasz G\u00e1bor<br \/><br \/><strong>B<\/strong><br \/>Babos P\u00e1lma<br \/>Baglyas Erika<br \/>Bahget Iskander<br \/>Bak P\u00e9ter R\u00f3bert<br \/>Baki P\u00e9ter<br \/>Bak\u00f3 Ilona<br \/>Bakos Ildik\u00f3<br \/>Baky P\u00e9ter<br \/>Balanyi K\u00e1roly<br \/>Balla Andr\u00e1s<br \/>Balla Gergely<br \/>Ballonyin\u00e9 P\u00e1l Margit<br \/>Balogh Istv\u00e1n<br \/>Bang\u00f3cs G\u00e1bor<br \/>Bar\u00e1k P\u00e9ter<br \/>Bar\u00e1th Hajnal<br \/>Baricz Katalin<br \/>Barta Zsolt P\u00e9ter<br \/>Bauer Istv\u00e1n<br \/>B\u00e9k\u00e9s Rozi<br \/>Benedek M\u00e1ria<br \/>Benes J\u00f3zsef<br \/>Benko Katalin<br \/>B\u00e9nyi Eszter<br \/>Be\u00f6thy Bal\u00e1zs<br \/>B\u00e9r Rudolf Juli\u00e1nusz<br \/>Ber\u00e9nyi Istv\u00e1n<br \/>Berta B\u00e9la<br \/>Bertalan Tivadar<br \/>Berzsenyi Istv\u00e1n<br \/>Bihari S\u00e1ndor<br \/>Bihon Gy\u0151z\u0151<br \/>Bir\u00f3 Kl\u00e1ra<br \/>Bod\u00f3czky Istv\u00e1n<br \/>Bogd\u00e1n Zolt\u00e1n<br \/>B\u00f3na Istv\u00e1n<br \/>Borb\u00e9ly Ferenc Guszt\u00e1v<br \/>Borzs\u00e1k P\u00e9ter<br \/>B\u00f3ta Katalin<br \/>Budah\u00e1zi Tibor<br \/>Buj\u00e1ki Istv\u00e1n<br \/>Bukov\u00e1cz Lajos<br \/>Butak Andr\u00e1s<br \/><br \/><strong>C<\/strong><br \/>Chochol K\u00e1roly<br \/>Czinkotay Frigyes<br \/>Czobor S\u00e1ndor<br \/>Cs\u00e1ki R\u00f3bert<br \/>Csan\u00e1di Judit<br \/>Csengey Em\u00f6ke<br \/>Cs\u00e9ri Lajos<br \/>Csik\u00f3s Ilona<br \/>Csik\u00f3s Tibor<br \/>Csonka B\u00e9la<br \/>Csontos L\u00e1szl\u00f3<br \/>Csurgai Ferenc<br \/><br \/><strong>D<\/strong><br \/>Dargay Lajos<br \/>D\u00e9k\u00e1ny \u00c1goston<br \/>D\u00e9k\u00e1ny Istv\u00e1n<br \/>D\u00e9k\u00e1nyn\u00e9 Lacza M\u00e1rta<br \/>Delast Elena V<br \/>Demj\u00e9n Imre<br \/>D\u00e9v\u00e9nyi Veronika<br \/>Dobi Piroska<br \/>Dombi G\u00e9za<br \/>Dombov\u00e1ri Tibor<br \/>Dombrovszky Ninette<br \/>Domj\u00e1nn\u00e9 T\u00f3th Al\u00edz<br \/>Dr. G\u00e9czy Imr\u00e9n\u00e9<br \/>Dr. Horv\u00e1th Csaba Lajos<br \/>Dr. Kasz\u00f3 Elekn\u00e9<br \/>Dr. Seres G\u00e9za<br \/>Dr. S\u00f3lyomn\u00e9 Simon Csilla<br \/>Dr. Szab\u00f3 Zolt\u00e1nn\u00e9<br \/>Dr\u00e9her J\u00e1nos<br \/>Drozsnyik Istv\u00e1n<br \/><br \/><strong>E<\/strong><br \/>Ef. Z\u00e1mb\u00f3 Istv\u00e1n<br \/>Egri Zolt\u00e1n Andr\u00e1s<br \/>Eifert J\u00e1nos<br \/>El\u0151d \u00c1gnes<br \/>Elsa Urzua<br \/>Enes Nagy S\u00e1ndor<br \/>Eperjesi \u00c1gnes<br \/>Erd\u00e9ly Gy\u00f6rgy \u00c1d\u00e1m<br \/>Erd\u00e9ly Mih\u00e1ly D\u00e1niel<br \/>Esterh\u00e1zy Marcell<br \/><br \/><strong>F<\/strong><br \/>F\u00e1bry P\u00e9ter<br \/>Fajka J\u00e1nos<br \/>Farkas Istv\u00e1n L\u00e1szl\u00f3<br \/>Feh\u00e9r Katalin<br \/>Feh\u00e9r L\u00e1szl\u00f3<br \/>Fej\u00e9r Zolt\u00e1n<br \/>Fekete G\u00e9za Dezs\u0151<br \/>Felv\u00e9gi Andrea<br \/>F\u00e9ner Tam\u00e1s<br \/>Ferk Ilona<br \/>Finta Edit<br \/>Flohr J\u00e1nos<br \/>Fodor J\u00e1nos<br \/>F\u00f3nagy Istv\u00e1nn\u00e9<br \/>Forster Jakab<br \/>Friedrich Ferenc<br \/>Fr\u00f6mmel Gyula<br \/>Fuszenecker Ferenc<br \/>F\u00fczes Gergely<\/p><\/div><\/div><div id=\"pgc-12394-1-1\"  class=\"panel-grid-cell \" ><div class=\"panel-widget-style\" ><p><strong>G<\/strong><br \/>Ga\u00e1l \u00c9va<br \/>Ga\u00e1l J\u00f3zsef<br \/>Ga\u00e1l Tam\u00e1s<br \/>Galambos Tam\u00e1s<br \/>G\u00e1rdi Bal\u00e1zs<br \/>G\u00e1ti G\u00e1bor<br \/>Gell\u00e9r B. Istv\u00e1n<br \/>Gelley Andr\u00e1sn\u00e9<br \/>Gera Katalin<br \/>Gerle Margit<br \/>Ger\u0151 Andr\u00e1s<br \/>G\u00f6nczi B\u00e9la<br \/>Gr\u00e1nitz Mikl\u00f3s<br \/><br \/><strong>Gy<\/strong><br \/>Gy\u00e1rf\u00e1s G\u00e1bor<br \/>Gyarmatin\u00e9 Zahor\u00e1n M\u00e1ria<br \/>Gy\u00f6rffy Anik\u00f3<br \/>Gy\u0151rffy S\u00e1ndor<br \/>Gy\u0151ri L\u00e1szl\u00f3<br \/>Gy\u00f6rk\u00f6s Erzs\u00e9bet<br \/><br \/><strong>H<\/strong><br \/>H\u00e1mory Judit<br \/>Haraszty Istv\u00e1n<br \/>Harsay Ilona<br \/>Havas Eszter<br \/>Havasi Ildik\u00f3<br \/>Hegedus Iv\u00e1n<br \/>Heged\u0171s L\u00e1szl\u00f3<br \/>Hellenbach Gabriella<br \/>Herbst Rudolf<br \/>H\u00e9vizi \u00c9va<br \/>Holdas Gy\u00f6rgy<br \/>Holeczn\u00e9 Szilagyi M\u00e1rta<br \/>Holl\u00f3 Istv\u00e1n<br \/>Horovitz Magdolna<br \/>Horv\u00e1th Istv\u00e1n<br \/>Horv\u00e1th Marianna<br \/>Horv\u00e1th S\u00e1ndor<br \/>Horv\u00e1th Tibor<br \/>Huller \u00c1goston<br \/>Husz\u00e1r Andrea<br \/>Huszti J\u00e1nos<br \/><br \/><strong>I<\/strong><br \/>Ifj. Durk\u00f3 Zsolt<br \/>Ilku J\u00e1nos<br \/><br \/><strong>J<\/strong><br \/>J\u00e1ger Istv\u00e1n<br \/>Jahoda Ern\u0151 Istv\u00e1n<br \/>Jov\u00e1novics Gy\u00f6rgy<br \/>J\u00f3zs\u00e1n\u00e9 Homola Gabriella Krisztina<br \/>Juh\u00e1sz Mikl\u00f3s<br \/><br \/><strong>K<\/strong><br \/>K\u00e1d\u00e1r J\u00e1nos Mikl\u00f3s<br \/>K\u00e1d\u00e1r Katalin<br \/>K\u00e1das Istv\u00e1n<br \/>Kalcs\u00f3 J\u00f3zsef<br \/>Kalm\u00e1r Istv\u00e1n<br \/>Kalm\u00e1r J\u00e1nos<br \/>Kalm\u00e1r S\u00e1ndorn\u00e9<br \/>Karsai Zs\u00f3fia<br \/>Katona \u00c1ron S\u00e1ndor<br \/>Katona Szab\u00f3 Erzs\u00e9bet<br \/>Katona-Zsombori M\u00e1ria<br \/>Kecskem\u00e9ti K\u00e1lm\u00e1n<br \/>Kecsk\u00e9s Lajosn\u00e9<br \/>Kelemen Ben\u0151 Benjamin<br \/>Kemenes Frigyesn\u00e9<br \/>Keser\u00fc Ilona<br \/>Keser\u0171 Zsolt<br \/>Khell Cs\u00f6rsz<br \/>Khell Zsolt<br \/>Kis S\u00e1ndor Lajos<br \/>Kiss Katalin<br \/>Kissp\u00e1l Szabolcs<br \/>Kling J\u00f3zsef<br \/>Klossy Ir\u00e9n<br \/>Kocsis Tibor<br \/>Kokas L\u00e1szl\u00f3<br \/>Kolesz\u00e1r Aranka<br \/>Kolosv\u00e1ry B\u00e1lint<br \/>Komlovszky-Szvetn\u00e9 Szab\u00f3 Kl\u00e1ra Petra<br \/>Konok Tam\u00e1s<br \/>Korodi \u00c9va<br \/>Koscs\u00f3 L\u00e1szl\u00f3<br \/>Kov\u00e1cs J\u00e1nos<br \/>Kov\u00e1cs Katalin<br \/>Kov\u00e1cs Melinda<br \/>Kov\u00e1cs P\u00e9ter Bal\u00e1zs<br \/>Kov\u00e1ts Albert<br \/>Koz\u00e1k Albert<br \/>Kozma Istv\u00e1n<br \/>Kozma Vera<br \/>Krajcsovics K\u00e1roly<br \/>Kraszk\u00f3 Zita<br \/>Kresz Albert<br \/>Krizbai S\u00e1ndor<br \/>Kud\u00e1sz Ferenc<br \/>Kutasi Mikl\u00f3s<\/p><\/div><\/div><div id=\"pgc-12394-1-2\"  class=\"panel-grid-cell \" ><div class=\"panel-widget-style\" ><p><strong>L<\/strong><br \/>Laczk\u00f3 Pet\u0151 Mih\u00e1ly<br \/>Lajos J\u00f3zsef<br \/>Lakatos Edit<br \/>Lakatos Gyula L\u00e1szl\u00f3<br \/>Lakatos Iv\u00e1nn\u00e9<br \/>Lakatos J\u00f3zsef<br \/>Lakner Antal<br \/>Lampert G\u00e1bor<br \/>Lampert J\u00e1nos<br \/>Lampert J\u00e1nosn\u00e9<br \/>L\u00e1ng-Miticzky Andr\u00e1s<br \/>L\u00e1ta L\u00e1szl\u00f3<br \/>Lehotka L\u00e1szl\u00f3<br \/>Leisztner Piroska<br \/>Lencs\u00e9s Ida<br \/>Lendvai Istv\u00e1n<br \/>Lengyel Andr\u00e1s<br \/>Lengyel G\u00e1bor<br \/>Lengyel Rita<br \/>L\u00e9vay Jen\u0151<br \/>Lipovszky L\u00e9l Keve<br \/>Lipt\u00e1k Gy\u00f6rgy<br \/>Lisztesn\u00e9 Rit\u00f3k N\u00f3ra<br \/>Losonczy Ildik\u00f3<br \/>Lov\u00e1sz Erzs\u00e9bet<br \/>L\u0151rincze Mikl\u00f3s<br \/>Lugossy Edit M\u00e1ria<br \/>Luk\u00e1cs \u00c1gnes<br \/><br \/><strong>M<\/strong><br \/>Madar\u00e1szn\u00e9 Kathy Margit<br \/>M\u00e1der Indira<br \/>Magos Gyul\u00e1n\u00e9<br \/>Magyar G\u00e1bor<br \/>Makkai J\u00f3zsef<br \/>Maly R\u00f3bert<br \/>Many\u00e1k Mariola<br \/>Marik Eszter<br \/>Markovics Ferenc<br \/>M\u00e1rkus P\u00e9ter<br \/>Maros Tam\u00e1s<br \/>Mata J\u00e1nos<br \/>M\u00e1t\u00e9 Andr\u00e1s Gy\u00f6rgy<br \/>Mertz \u00c9va<br \/>M\u00e9sz\u00e1ros Istv\u00e1n<br \/>M\u00e9sz\u00e1ros Tibor<br \/>Mike K\u00e1roly<br \/>Mikl\u00f3sovics L\u00e1szl\u00f3<br \/>Miticzky G\u00e1bor<br \/>M\u00f3dos G\u00e1bor<br \/>Moln\u00e1rn\u00e9 D\u00e9v\u00e9nyi Rita<br \/><br \/><strong>N<\/strong><br \/>Nagy Ferenc<br \/>Nagy G\u00e1bor Mih\u00e1ly<br \/>Nagy G\u00e9za<br \/>Nagy Lajos Imre<br \/>Nagy M\u00e1rta<br \/>Nagy P\u00e9ter<br \/>Nagy S\u00e1ndor sz.<br \/>Nagy S\u00e1ndorn\u00e9<br \/>Nagy Stoica Georgeta<br \/>N\u00e1nay Szilam\u00e9r<br \/>Nemes Aurelia Ildik\u00f3<br \/>N\u00e9methn\u00e9 Kiszely Melinda<br \/>Nikmond Be\u00e1ta<br \/>Normanas Paulius<br \/>Novotny B\u00e9la<br \/><br \/><strong>O<\/strong><br \/>Ol\u00e1h Gy\u00f6rgy<br \/>Olexa J\u00f3zsef<br \/>Orosz Istv\u00e1n<br \/>Orosz P\u00e9tern\u00e9<br \/>\u00d6rd\u00f6g Zolt\u00e1n<br \/>\u0150sz Lucia<br \/><br \/><strong>P<\/strong><br \/>Pannonhalmi Zsuzsa<br \/>Papp S\u00e1ndor<br \/>Pataki Tibor<br \/>Pat\u00f3 R\u00f3za<br \/>Patyi \u00c1rp\u00e1d<br \/>Paulikovics Iv\u00e1n<br \/>Peth\u0151 Bertalan<br \/>Pika Nagy \u00c1rp\u00e1d<br \/>Pinczehelyi S\u00e1ndor<br \/>P\u00f3cs P\u00e9ter<br \/>Poesz Istv\u00e1nn\u00e9<br \/>Poh\u00e1rnok Mih\u00e1ly<br \/>Poty\u00f3k Tam\u00e1s Lajos<br \/>Prutkay P\u00e9ter<br \/><br \/><strong>R<\/strong><br \/>R\u00e1cz Edit<br \/>R\u00e1d\u00f3czy L\u00e1szl\u00f3<br \/>Raffay B\u00e9la<br \/>Rajki L\u00e1szl\u00f3<br \/>R\u00e1koskerti L\u00e1szl\u00f3<br \/>R\u00e1th G\u00e9ber Attila<br \/>R\u00e1tkai Erzs\u00e9bet<br \/>Reg\u00f6s Anna<br \/>Reg\u0151s Istv\u00e1n<br \/>R\u00e9kassy Levent\u00e9n\u00e9 Simonffy M\u00e1rta<br \/>R\u00e9nyi Krisztina<br \/>R\u00e9v\u00e9sz Napsug\u00e1r<br \/>Robotos J\u00falia<br \/>R\u00f3nai \u00c9va<br \/>Ruszev Dimitrov Roszen<\/p><\/div><\/div><div id=\"pgc-12394-1-3\"  class=\"panel-grid-cell \" ><div class=\"panel-widget-style\" ><p><strong>S<\/strong><br \/>Salamon Gy\u00f6rgy<br \/>S\u00e1ndorn\u00e9 Farag\u00f3 Gy\u00f6ngyi<br \/>S\u00e1ra Ern\u0151<br \/>S\u00e1rk\u00e1ny Gy\u0151z\u0151<br \/>S\u00e1rosi Anita<br \/>Schmal K\u00e1roly<br \/>Schneemeier Andrea<br \/>Ser\u00e9nyi H. Zsigmond<br \/>Sikl\u00f3s P\u00e9ter<br \/>Simara L\u00e1szl\u00f3<br \/>Sipos Erzs\u00e9bet<br \/>Somogyi Em\u0151ke<br \/>Somogyi Gy\u00f6rgy<br \/>Somogyi P\u00e1l<br \/>Sulyok Gabriella<br \/>Surj\u00e1n Korn\u00e9lia<br \/><br \/><strong>Sz<\/strong><br \/>Szabados Margit<br \/>Szabics \u00c1gnes<br \/>Szab\u00f3 \u00c1d\u00e1m B\u00e1lint<br \/>Szab\u00f3 Ant\u00f3nia<br \/>Szab\u00f3 Dezs\u0151<br \/>Szab\u00f3 G\u00e1bor<br \/>Szab\u00f3 Istv\u00e1nn\u00e9<br \/>Szab\u00f3 Zolt\u00e1n<br \/>Szak\u00e1cs Erika<br \/>Szalma Edit<br \/>Szalontay \u00c1gnes<br \/>Szanics Mih\u00e1ly<br \/>Sz\u00e1nt\u00f3 Tam\u00e1s<br \/>Sz\u00e1sz Gy\u00f6rgy<br \/>Szathm\u00e1ry J\u00f3zsef<br \/>Szatm\u00e1rin\u00e9 Varga \u00c1gnes<br \/>Szegedi Csaba<br \/>Szeg\u0151 Gy\u00f6rgy<br \/>Sz\u00e9kely Ildik\u00f3<br \/>Sz\u00e9kelyi Katalin<br \/>Szekeres Emil<br \/>Szekeres Erzs\u00e9bet<br \/>Sz\u00e9l \u00c1gnes<br \/>Szel\u00e9nyi K\u00e1roly<br \/>Szenes Zsuzsa<br \/>Szikszay \u00c1gnes<br \/>Szil\u00e1gyi L\u00e1szl\u00f3<br \/>Szla\u00fak\u00f3 L\u00e1szl\u00f3<br \/>Sz\u00f3r\u00e1di Zsigmond<br \/>Szunyoghy Andr\u00e1s<br \/>Szurcsik J\u00f3zsef<br \/>Sz\u0171cs Tibor<br \/>Sz\u0171cs Zsuzsanna<br \/>Sz\u0171ts Mikl\u00f3s<br \/>Sz\u0171ts Zsuzsa<br \/><br \/><strong>T<\/strong><br \/>Tagyi Zolt\u00e1n<br \/>Tahin Gyula<br \/>Tak\u00e1ts M\u00e1rton<br \/>Tarbay Anna M\u00e1ria<br \/>Tarj\u00e1ni Antal<br \/>Tihanyi Viktor<br \/>Tillai Ern\u0151<br \/>Tim\u00e1r P\u00e9ter<br \/>Tordai Hajnal<br \/>T\u00f3th B\u00e9la<br \/>T\u00f3th J\u00f3zsef<br \/>T\u00f3th K\u00e1roly<br \/>T\u00f3th Tibor P\u00e1l<br \/>T\u00f6r\u00f6csik Jol\u00e1n<br \/>T\u00f6r\u00f6k Anik\u00f3<br \/>Tr\u00e9f\u00e1s Mikl\u00f3s<br \/>Trojan Marian J\u00f3zsef<br \/>Trombit\u00e1s Tam\u00e1s<br \/>Turcs\u00e1nyi Antal<br \/><br \/><strong>V<\/strong><br \/>Vajda M\u00e1ria<br \/>V\u00e1li Dezs\u0151<br \/>Valker Istv\u00e1n Emil<br \/>V\u00e1radi K\u00e1roly<br \/>Varga G\u00e9za P\u00e1l<br \/>Vasv\u00e1ri L\u00e1szl\u00f3 S\u00e1ndor<br \/>Vedres \u00c1gnes<br \/>V\u00e9n Zolt\u00e1n<br \/>Vereckei Rita<br \/>Viczi\u00e1n P\u00e1l<br \/>Vida Gy\u00f6z\u00f6<br \/>Vida Gyula<br \/>Vidovics Istv\u00e1n<br \/>Vincze Ott\u00f3<br \/>Vinczell\u00e9r Imre<br \/>Vojnich Erzs\u00e9bet<br \/><br \/><strong>W<\/strong><br \/>W\u00e9ber Imre<br \/>Wehner Tibor<br \/>Wierdl Zsuzsa<br \/>Wr\u00e1bel Erzs\u00e9bet<br \/>Wunderlich Ilona<br \/><br \/><strong>Z<\/strong><br \/>Z\u00e1borszky G\u00e1bor<br \/>Z\u00e1horczik N\u00e1ndor<br \/>Z\u00e1k\u00e1ny Eszter<br \/>Zeke Edit<br \/>Zimmer Judit<br \/><br \/><strong>Zs<\/strong><br \/>Zs. T\u00f3th Edit<br \/>Zsila S\u00e1ndor<\/p><\/div><\/div><\/div><\/div><div id=\"pg-12394-2\"  class=\"panel-grid\" ><div class=\"panel-grid-core\"><div id=\"pgc-12394-2-0\"  class=\"panel-grid-cell \" ><div class=\"panel-widget-style\" ><p>Heirs<\/p><\/div><\/div><\/div><\/div><div id=\"pg-12394-3\"  class=\"panel-grid\" ><div class=\"panel-grid-core\"><div id=\"pgc-12394-3-0\"  class=\"panel-grid-cell \" ><div class=\"panel-widget-style\" ><p>B\u00e9nyi Eszter; B\u00e9nyi L\u00e1szl\u00f3 jogut\u00f3da<br \/>Bilkei Gorz\u00f3 Magdolna; Topor Zolt\u00e1n jogut\u00f3da<br \/>Bod\u00f3 Tam\u00e1s; K\u00e1d\u00e1r B\u00e9la jogut\u00f3da<br \/>Dr. Csapody Istv\u00e1n; Csapody Vera jogut\u00f3da<br \/>Dr. Haulisch Lenke; Pap Gyula jogut\u00f3da<br \/>Dr. Jan\u00e1ky R\u00e9ka; Jan\u00e1ky Viktor K\u00e1roly jogut\u00f3da<br \/>Dr. Monori Ilona; Csergez\u00e1n P\u00e1l jogut\u00f3da<br \/>Dr. R\u00f3na Erzs\u00e9bet; Tevan Margit \u00e9s Engel Tevan Istv\u00e1n jogut\u00f3da<br \/>Dr. S\u00e1rdi G\u00e1born\u00e9; Somogyi J\u00f3zsef jogut\u00f3da<br \/>Erd\u00e9ly Gy\u00f6rgy \u00c1d\u00e1m; Erd\u00e9ly Istv\u00e1n, Erd\u00e9ly Mikl\u00f3s \u00e9s Szenes Zsuzsa jogut\u00f3da<br \/>Erd\u00e9ly Mih\u00e1ly D\u00e1niel; Erd\u00e9ly Istv\u00e1n, Erd\u00e9ly Mikl\u00f3s \u00e9s Szenes Zsuzsa jogut\u00f3da<br \/>Halasi Horv\u00e1th Istv\u00e1nn\u00e9; Halasi Horv\u00e1th Istv\u00e1n jogut\u00f3da<br \/>Hat\u00e1r J\u00e1nosn\u00e9; Hat\u00e1r J\u00e1nos jogut\u00f3da<br \/>Kajos K\u00e1rolyn\u00e9; K\u00e1rp\u00e1thy Jen\u0151 jogut\u00f3da<\/p><\/div><\/div><div id=\"pgc-12394-3-1\"  class=\"panel-grid-cell \" ><div class=\"panel-widget-style\" ><p>Kende G\u00e1bor; Kende M\u00e1rta jogut\u00f3da<br \/>Kende J\u00e1nos; Kende M\u00e1rta jogut\u00f3da<br \/>Kende L\u00e1szl\u00f3; Kende M\u00e1rta jogut\u00f3da<br \/>Kerekesn\u00e9 T\u00f3th M\u00e1rta; T\u00f3th Endre jogut\u00f3da<br \/>Kom\u00e1romy P\u00e9ter; Sz\u0151nyi Istv\u00e1n jogut\u00f3da<br \/>Lantos Katalin; K\u00e1rp\u00e1thy Jen\u0151 jogut\u00f3da<br \/>Madar\u00e1szn\u00e9 Gorej Judit; Gorej J\u00e1nos jogut\u00f3da<br \/>Micheller Istv\u00e1nn\u00e9; Viski J\u00e1nos jogut\u00f3da<br \/>Orosz Gell\u00e9rt Bal\u00e1zs; Orosz Gell\u00e9rt jogut\u00f3da<br \/>Rozgonyi G\u00e1born\u00e9; Kende M\u00e1rta jogut\u00f3da<br \/>Subecz Andr\u00e1s; Subecz Gyula jogut\u00f3da<br \/>Szobor Albertn\u00e9 Dr.; Bern\u00e1th Aur\u00e9l jogut\u00f3da<br \/>T\u00f3th T\u00edmea; T\u00f3th Endre jogut\u00f3da<\/p><\/div><\/div><\/div><\/div>","protected":false},"excerpt":{"rendered":"<p>AuthorsAAknay CsabaAknay J\u00e1nosAlbrecht J\u00faliaAlm\u00e1si L\u00e1szl\u00f3And\u00f3 M\u00e1riaAp\u00e1ti-T\u00f3th S\u00e1ndorArtner MargitAtlasz G\u00e1borBBabos P\u00e1lmaBaglyas ErikaBahget IskanderBak P\u00e9ter R\u00f3bertBaki P\u00e9terBak\u00f3 IlonaBakos Ildik\u00f3Baky P\u00e9terBalanyi K\u00e1rolyBalla Andr\u00e1sBalla GergelyBallonyin\u00e9 P\u00e1l MargitBalogh Istv\u00e1nBang\u00f3cs G\u00e1borBar\u00e1k P\u00e9terBar\u00e1th HajnalBaricz KatalinBarta Zsolt P\u00e9terBauer Istv\u00e1nB\u00e9k\u00e9s RoziBenedek M\u00e1riaBenes J\u00f3zsefBenko KatalinB\u00e9nyi EszterBe\u00f6thy Bal\u00e1zsB\u00e9r Rudolf Juli\u00e1nuszBer\u00e9nyi Istv\u00e1nBerta B\u00e9laBertalan TivadarBerzsenyi Istv\u00e1nBihari S\u00e1ndorBihon Gy\u0151z\u0151Bir\u00f3 Kl\u00e1raBod\u00f3czky Istv\u00e1nBogd\u00e1n Zolt\u00e1nB\u00f3na Istv\u00e1nBorb\u00e9ly Ferenc Guszt\u00e1vBorzs\u00e1k P\u00e9terB\u00f3ta KatalinBudah\u00e1zi TiborBuj\u00e1ki Istv\u00e1nBukov\u00e1cz&hellip;<\/p>\n<p class=\"more-link\"><a href=\"https:\/\/www.hungart.org\/en\/tagsag\/\" class=\"themebutton\">Read More<\/a><\/p>\n","protected":false},"author":3,"featured_media":0,"parent":0,"menu_order":0,"comment_status":"closed","ping_status":"closed","template":"","meta":[],"categories":[],"tags":[],"_links":{"self":[{"href":"https:\/\/www.hungart.org\/en\/wp-json\/wp\/v2\/pages\/12394"}],"collection":[{"href":"https:\/\/www.hungart.org\/en\/wp-json\/wp\/v2\/pages"}],"about":[{"href":"https:\/\/www.hungart.org\/en\/wp-json\/wp\/v2\/types\/page"}],"author":[{"embeddable":true,"href":"https:\/\/www.hungart.org\/en\/wp-json\/wp\/v2\/users\/3"}],"replies":[{"embeddable":true,"href":"https:\/\/www.hungart.org\/en\/wp-json\/wp\/v2\/comments?post=12394"}],"version-history":[{"count":4,"href":"https:\/\/www.hungart.org\/en\/wp-json\/wp\/v2\/pages\/12394\/revisions"}],"predecessor-version":[{"id":12421,"href":"https:\/\/www.hungart.org\/en\/wp-json\/wp\/v2\/pages\/12394\/revisions\/12421"}],"wp:attachment":[{"href":"https:\/\/www.hungart.org\/en\/wp-json\/wp\/v2\/media?parent=12394"}],"wp:term":[{"taxonomy":"category","embeddable":true,"href":"https:\/\/www.hungart.org\/en\/wp-json\/wp\/v2\/categories?post=12394"},{"taxonomy":"post_tag","embeddable":true,"href":"https:\/\/www.hungart.org\/en\/wp-json\/wp\/v2\/tags?post=12394"}],"curies":[{"name":"wp","href":"https:\/\/api.w.org\/{rel}","templated":true}]}}