{"id":12396,"date":"2017-05-03T16:41:35","date_gmt":"2017-05-03T16:41:35","guid":{"rendered":"http:\/\/www.hungart.org\/wordpress\/?page_id=12396\/"},"modified":"2017-07-07T09:37:29","modified_gmt":"2017-07-07T09:37:29","slug":"irasbeli-megbizassal-kepviseltek-nevsora","status":"publish","type":"page","link":"https:\/\/www.hungart.org\/en\/irasbeli-megbizassal-kepviseltek-nevsora\/","title":{"rendered":"Represented by mandate"},"content":{"rendered":"<div id=\"pg-12396-0\"  class=\"panel-grid\" ><div class=\"panel-grid-core\"><div id=\"pgc-12396-0-0\"  class=\"panel-grid-cell \" ><div class=\"panel-widget-style\" ><p><strong>A<\/strong><br \/>A. T\u00f3th S\u00e1ndor<br \/>Adorj\u00e1n Attila<br \/>Alm\u00e1si L\u00e1szl\u00f3<br \/>Alm\u00e1sy Alad\u00e1r<br \/>Amerigo Tot<br \/>Anna Margit<br \/>Apagyi M\u00e1ria<br \/>\u00c1rend\u00e1s J\u00f3zsef<br \/>Asszonyi Tam\u00e1s<br \/>Attalai G\u00e1bor<br \/><br \/><strong>B<\/strong><br \/>Bak Imre<br \/>Bak Judit<br \/>Bakall\u00e1r J\u00f3zsef<br \/>Baksai J\u00f3zsef<br \/>Bal\u00e1s Eszter<br \/>Bal\u00e1zs J\u00f3zsef R\u00f3bert<br \/>Bal\u00e1zs Mih\u00e1ly<br \/>Bal\u00e1zs Mikl\u00f3s Ern\u0151<br \/>B\u00e1lind Istv\u00e1n<br \/>B\u00e1lint Endre<br \/>Balla Ildik\u00f3<br \/>Balogh L\u00e1szl\u00f3<br \/>Balogh Tibor fot\u00f3<br \/>Banga Ferenc<br \/>B\u00e1nki \u00c1kos<br \/>B\u00e1novszky Mikl\u00f3s<br \/>B\u00e1ny\u00e1sz \u00c9va<br \/>Barab\u00e1s M\u00e1rton<br \/>Barab\u00e1s Zs\u00f3fia<br \/>Barany\u00f3 S\u00e1ndor<br \/>Barczi P\u00e1l<br \/>Barcsay Jen\u0151<br \/>Bard\u00f3cz Lajos<br \/>Bartl J\u00f3zsef<br \/>Baska J\u00f3zsef<br \/>B\u00e1tai S\u00e1ndor<br \/>Bat\u00e1ri L\u00e1szl\u00f3<br \/>Bat\u00e1ri L\u00e1szl\u00f3n\u00e9<br \/>Bauer Gy\u00f6rgyn\u00e9<br \/>Bene G\u00e9za<br \/>Benedek Gy\u00f6rgy<br \/>Benedek Jen\u0151<br \/>Benedek Jen\u0151 id.<br \/>Benk\u00f6 Imre<br \/>B\u00e9nyei T\u00fcnde<br \/>B\u00e9nyi L\u00e1szl\u00f3<br \/>Berki Viola<br \/>Bern\u00e1th Aur\u00e9l<br \/>Bik\u00e1csi Daniela<br \/>Bod L\u00e1szl\u00f3<br \/>Bod\u00f3 K\u00e1roly<br \/>Boemm Ritta<br \/>Bohus Zolt\u00e1n<br \/>Bokros J\u00falia<br \/>Bokros L\u00e1szl\u00f3<br \/>Bolm\u00e1nyi Ferenc<br \/>Bor P\u00e1l<br \/>Borkovics P\u00e9ter<br \/>Boros Tam\u00e1s<br \/>Botty\u00e1n J\u00e1nosn\u00e9<br \/>Br\u00e1da Tibor<br \/>Br\u00e1da Tiborn\u00e9<br \/>Brankovics \u00c9va<br \/>Brassai Albert<br \/>Braun Andr\u00e1s<br \/>Buj\u00e1ki L\u00e1szl\u00f3<br \/>Bukta Imre<br \/><br \/><strong>C<\/strong><br \/>Cak\u00f3 Ferenc<br \/>Chiovini Ferenc<br \/>Cz\u00e9km\u00e1ny Veronika<br \/>Czene B\u00e9la<br \/>Czene B\u00e9l\u00e1n\u00e9<br \/>Czene J\u00e1nos<br \/>Czinke Ferenc<br \/>Czir\u00e1ki Lajos<br \/>Cz\u00f3bel B\u00e9la<br \/><br \/><strong>Cs<\/strong><br \/>Cs. Nagy Andr\u00e1s<br \/>Csabai K\u00e1lm\u00e1n<br \/>Cs\u00e1ji Attila<br \/>Csan\u00e1dy J\u00e1nosn\u00e9<br \/>Csapody Vera<br \/>Cseke Szil\u00e1rd<br \/>Csergez\u00e1n P\u00e1l<br \/>Csete Gy\u00f6rgy E\u00f6rs<br \/>Csete Ildik\u00f3<br \/>Cs\u00edkszentmih\u00e1lyi R\u00f3bert<br \/>Csipes Antal<br \/>Csizmadia Zolt\u00e1n<br \/>Csoh\u00e1ny K\u00e1lm\u00e1n<br \/>Cs\u00f3k Istv\u00e1n<br \/>Csokai L\u00e1szl\u00f3<br \/>Csont\u00f3 Lajos<br \/>Cs\u00f6rg\u0151 Attila<br \/>Csurka Eszter<br \/><br \/><strong>D<\/strong><br \/>Dallos Jen\u00f6<br \/>Dallos L\u00e1szl\u00f3<br \/>Dar\u00e1zs J\u00f3zsef<br \/>Darvas \u00c1rp\u00e1d<br \/>Debreczeni Zs\u00f3ka<br \/>Dechandt Antal<br \/>Deli Anett<br \/>Dienes Attila<br \/>D\u00edner Tam\u00e1s<br \/>Dobroszl\u00e1v Lajos<br \/>Dobrovits Ferenc<br \/>Dohn\u00e1l \u00c1ron<br \/>Domanovszky Endre<br \/>Domonkos Imre<br \/>Domonkos L\u00e1szl\u00f3<br \/>Dr. Lovasn\u00e9 Benke M\u00e1rta<br \/>Dr. Szab\u00f3 J\u00f3zsef<br \/>Dr. Vass M\u00e1ty\u00e1sn\u00e9<br \/>Drabik Istv\u00e1n<br \/>Dud\u00e1s L\u00e1szl\u00f3<br \/>Duray Lilla Veronika<br \/>Duschanek J\u00e1nos<br \/><br \/><strong>E<\/strong><br \/>Egresi Zsuzsa<br \/>Egry J\u00f3zsef<br \/>\u00c9k S\u00e1ndor<br \/>Elekes K\u00e1roly<br \/>El-Kazovszkij Ailen<br \/>Engel Tevan Istv\u00e1n<br \/>Erd\u00e9ly Istv\u00e1n<br \/>Erd\u00e9ly Mikl\u00f3s<br \/>Erd\u00e9lyi Tibor<br \/>Erd\u00e9lyin\u00e9 Kov\u00e1cs Orsolya<br \/>Erkel L\u00e1szl\u00f3<br \/>Escher K\u00e1roly<br \/>Eskulits Tam\u00e1s<br \/>Esse B\u00e1nki \u00c1kos<br \/><br \/><strong>F<\/strong><br \/>F. Farkas Tam\u00e1s<br \/>F\u00e1bi\u00e1n L\u00e1szl\u00f3<br \/>Fab\u00f3k Gyula<br \/>Faj\u00f3 J\u00e1nos<br \/>Faltis Alexandra<br \/>Farkas \u00c1d\u00e1m<br \/>Farkasv\u00f6lgyi \u00c9va<br \/>Feh\u00e9r Margit<br \/>Fej\u00e9r Csaba<br \/>Fej\u00e9r Ern\u00f6<br \/>Fekete G\u00e9za<br \/>Fekete Istv\u00e1n<br \/>Fekete J\u00f3zsef<br \/>Fekete L\u00e1szl\u00f3<br \/>Feledy Gyula<br \/>Feny\u0151 Andor Endre<br \/>Ferrari D. Laszlo<br \/>F\u00f6ldi P\u00e9ter<br \/>Frank Frigyes<br \/>F\u00fcl\u00f6p Erzs\u00e9bet<\/p><\/div><\/div><div id=\"pgc-12396-0-1\"  class=\"panel-grid-cell\" ><div class=\"panel-widget-style\" ><p><strong>G<\/strong><br \/>G\u00e1bor Istv\u00e1n<br \/>G\u00e1bor Jen\u0151<br \/>Gad\u00e1nyi Jen\u0151<br \/>Gajz\u00e1g\u00f3 S\u00e1ndorn\u00e9<br \/>G\u00e1ll \u00c1d\u00e1m P\u00e9ter<br \/>G\u00e1ln\u00e9 Csizmadia Anik\u00f3<br \/>Ganczaugh Mikl\u00f3s<br \/>Gecse \u00c1rp\u00e1d<br \/>Ged\u0151 Ilka<br \/>Gerhes G\u00e1bor<br \/>Gerzson P\u00e1l<br \/>Gesztelyi Nagy Zsuzsanna<br \/>Gink Judit<br \/>Gink K\u00e1roly<br \/>Glatz Oszk\u00e1r<br \/>Gombos Istv\u00e1n<br \/>Gorej J\u00e1nos<br \/>G\u00f6csey J\u00f3zsef<br \/>G\u00f6csey J\u00f3zsefn\u00e9<br \/>G\u00f6ldner Tibor<br \/>G\u00f6nczi B\u00e9l\u00e1n\u00e9<br \/>G\u00f6nczi Gebhardt Tibor<br \/>Gr\u00e1ber Margit<br \/>Gross Arnold<br \/>Guti J\u00f3zsef<br \/><br \/><strong>Gy<\/strong><br \/>Gyarmathy G\u00e1bor<br \/>Gyarmathy Tiham\u00e9r<br \/>Gy\u00e9m\u00e1nt L\u00e1szl\u00f3<br \/>Gyenis Tibor<br \/>Gyulai L\u00edviusz<br \/>Gyulav\u00e1ri P\u00e1l<br \/>Gy\u00fcgyi \u00d6d\u00f6n<br \/><br \/><strong>H<\/strong><br \/>Hajas Tibor<br \/>Hajd\u00fa Katalin<br \/>Hajd\u00fa Kinga<br \/>Hajd\u00fa L\u00e1szl\u00f3<br \/>Hal\u00e1py J\u00e1nos<br \/>Halasi Horv\u00e1th Istv\u00e1n<br \/>Haraszti L\u00e1szl\u00f3<br \/>Harl Csaba<br \/>Harmati Andr\u00e1s<br \/>Hat\u00e1r J\u00e1nos<br \/>Hauser Be\u00e1ta<br \/>Heged\u0171s Endre<br \/>Heged\u0171s Tibor<br \/>Heitler L\u00e1szl\u00f3<br \/>Helbing Ferenc<br \/>Hencze Tam\u00e1s<br \/>Hertay M\u00e1ria<br \/>Hevesy Iv\u00e1n<br \/>Hincz Gyula<br \/>Holl\u00f3 L\u00e1szl\u00f3<br \/>Horesnyi L\u00e1szl\u00f3n\u00e9<br \/>H\u00fas Zolt\u00e1n<br \/>H\u00fcbner Aranka<br \/><br \/><strong>I<\/strong><br \/>Ifj. Guti J\u00f3zsef<br \/>Ifj. Koff\u00e1n K\u00e1roly<br \/>Ifj. K\u0151m\u00edves Istv\u00e1n<br \/>Ifj. Szl\u00e1vics L\u00e1szl\u00f3<br \/>Ill\u00e9s \u00c1rp\u00e1d K\u00e1roly<br \/>Inkey Tibor<br \/>Ist\u00f3kovics K\u00e1lm\u00e1n<br \/>Iv\u00e1n Szil\u00e1rd<br \/><br \/><strong>J<\/strong><br \/>Jahoda Maja<br \/>Jan\u00e1ky Viktor K\u00e1roly<br \/>Jankovics Marcell<br \/>Janzer Frigyes<br \/>J\u00e1ritz J\u00f3zsa<br \/>J\u00e1vor Istv\u00e1n<br \/>J\u00e1vor Piroska<br \/>Jeges Ern\u0151<br \/>J\u00e9key Andr\u00e1sn\u00e9<br \/>Jeli Ferenc<br \/>J\u00f3szai S\u00e1ndor<br \/>Jovi\u00e1n Gy\u00f6rgy<br \/>J\u00f3zsa Lajos<br \/>Juh\u00e1sz Erzs\u00e9bet<br \/>J\u00falius Moln\u00e1r Gyula<br \/>Jung Zseni<br \/><br \/><strong>K<\/strong><br \/>Kab\u00e1czy Szil\u00e1rd<br \/>K\u00e1d\u00e1r B\u00e9la<br \/>K\u00e1d\u00e1r Gy\u00f6rgy<br \/>K\u00e1d\u00e1r Gy\u00f6rgyn\u00e9<br \/>K\u00e1konyi Istv\u00e1n<br \/>Kal\u00e1sz M\u00e1rton<br \/>Kall\u00f3 L\u00e1szl\u00f3<br \/>Kall\u00f3 Viktor<br \/>K\u00e1lm\u00e1n Kata<br \/>Kalm\u00e1r Lajos<br \/>K\u00e1ntor Andor<br \/>K\u00e1ntor Lajos<br \/>Kapoli Antal<br \/>Karattur Katalin<br \/>K\u00e1rolyi Zsigmond<br \/>K\u00e1rp\u00e1thy Jen\u0151<br \/>K\u00e1rp\u00e1ti \u00c9va<br \/>K\u00e1rp\u00e1ti Guszt\u00e1v<br \/>K\u00e1rp\u00e1ti Tam\u00e1s<br \/>Karsai Zsigmond<br \/>Kass J\u00e1nos<br \/>Kazinczy G\u00e1bor<br \/>Kelemen K\u00e1roly<br \/>Kemp Zsuzsa<br \/>Kende M\u00e1rta<br \/>Kerekes G\u00e1bor<br \/>Ker\u00e9nyi Jen\u0151<br \/>Keresztes D\u00f3ra<br \/>Kert\u00e9sz D\u00e1niel<br \/>Kir\u00e1ly Andr\u00e1s<br \/>Kisfaludi Strobl Zsigmond<br \/>Kiss Istv\u00e1n<br \/>Kiss Kov\u00e1cs Gyula<br \/>Kiss Ro\u00f3z Ilona<br \/>Kisteleki Margit<br \/>Klie Zolt\u00e1n<br \/>Klie Zolt\u00e1nn\u00e9<br \/>Klim\u00f3 K\u00e1roly<br \/>Klim\u00f3 P\u00e9ter<br \/>Kocsis Imre<br \/>K\u00f3kai Krisztina<br \/>Kokas Ign\u00e1c<br \/>Koll\u00e1nyi Gyula<br \/>Kolosv\u00e1ry Kamill\u00f3<br \/>Kolozsv\u00e1ri Grandpierre Mikl\u00f3s<br \/>Kom\u00e1romi Katz Endre<br \/>Komj\u00e1thy P\u00e9ter<br \/>Kondor Attila<br \/>Konkoly Gyula<br \/>Konok Tam\u00e1sn\u00e9<br \/>Kontuly B\u00e9la<br \/>Korniss P\u00e9ter<br \/>K\u00f3tai J\u00f3zsef<br \/>Kov\u00e1cs Endre<br \/>Kov\u00e1cs \u00c9va Orsolya<br \/>Kov\u00e1cs K\u00e1roly<br \/>Kov\u00e1cs Mikl\u00f3s<br \/>Kov\u00e1cs P\u00e9ter<br \/>Kov\u00e1cs Tam\u00e1s Vilmos<br \/>Kov\u00e1cs Zsoltn\u00e9<br \/>Koz\u00e1k Attila<br \/>K\u0151 Boldizs\u00e1r<br \/>K\u0151 P\u00e1l<br \/>K\u0151nig Frigyes<br \/>K\u00f6ves \u00c9va<br \/>Krist\u00f3f J\u00e1nos<br \/>Krusny\u00e1k K\u00e1roly<br \/>Kun \u00c9va<br \/>Kunffy Lajos<br \/>Kurucz D. Istv\u00e1n<br \/>Kurucz Istv\u00e1n Andr\u00e1s<br \/>Kust\u00e1r M\u00e1ria Zsuzsanna<\/p><\/div><\/div><div id=\"pgc-12396-0-2\"  class=\"panel-grid-cell\" ><div class=\"panel-widget-style\" ><p><strong>L<\/strong><br \/>Lacz\u00e1k G\u00e9za<br \/>L\u00e1ng Rudolf<br \/>Lapis Andr\u00e1s<br \/>L\u00e1szl\u00f3 D\u00e1niel<br \/>Lenkey-T\u00f3th P\u00e9ter<br \/>Lepizs\u00e1n Zita<br \/>L\u00e9vai N\u00f3ra<br \/>Lex\u00e1n\u00e9 Reg\u00e9czi M\u00e1rta<br \/>Ligeti B\u00e9l\u00e1n\u00e9<br \/>L\u00f3r\u00e1nt J\u00e1nos Demeter<br \/>Lossonczy Ibolya<br \/>Lossonczy Tam\u00e1s<br \/>Lugosi Lugo L\u00e1szl\u00f3<br \/>Luk\u00e1cs J\u00f3zsef<br \/><br \/><strong>M<\/strong><br \/>Magyar J\u00f3zsef<br \/>Makki Gy\u00f6rgy<br \/>Malasits Zsolt<br \/>M\u00e1rffy \u00d6d\u00f6n<br \/>Mark\u00f3 Erzs\u00e9bet<br \/>M\u00e1rkusfalvi Barab\u00e1s M\u00e1rton<br \/>Maros\u00e1n Lajos<br \/>Maros\u00e1n L\u00e1szl\u00f3<br \/>Maros\u00e1nn\u00e9 Sz\u00e9csi Katalin Zsuzsanna<br \/>M\u00e1rton B\u00e9la<br \/>Marton Magda<br \/>Mata Attila<br \/>Mattioni Eszter<br \/>Mattis Teutsch J\u00e1nos<br \/>Matzon \u00c1kos<br \/>Matzon Frigyes<br \/>Mazsaroff Mikl\u00f3s<br \/>Medveczky Jen\u0151<br \/>Meggyes L\u00e1szl\u00f3n\u00e9<br \/>M\u00e9hes L\u00f3r\u00e1nt<br \/>Melcher Mih\u00e1ly<br \/>Melocco Mikl\u00f3s<br \/>Menas\u00e1gi P\u00e9ter<br \/>Mengy\u00e1n Andr\u00e1s<br \/>M\u00e9rein\u00e9 Tihanyi Zsuzsanna<br \/>Mersits Piroska<br \/>M\u00e9sz\u00e1ros Borb\u00e1la<br \/>M\u00e9sz\u00e1ros \u00c9va<br \/>M\u00e9sz\u00e1ros G\u00e9za<br \/>Mikus S\u00e1ndor<br \/>Milos J\u00f3zsef<br \/>Misch \u00c1d\u00e1m<br \/>Miskei L\u00e1szl\u00f3<br \/>Miskolczi Emese<br \/>Moldov\u00e1n Istv\u00e1n<br \/>Moln\u00e1r C. P\u00e1l<br \/>Moln\u00e1r G\u00e9za<br \/>Moln\u00e1r J\u00f3zsef<br \/>Moln\u00e1r Piroska<br \/>Monos J\u00f3zsef<br \/>M\u00f3ricz Margit<br \/>Morvay Zsuzsanna<br \/>M\u00f3ser Zolt\u00e1n<br \/>M\u00f3zes Katalin<br \/>Mukicsn\u00e9 Koz\u00e1r M\u00e1ria<br \/><br \/><strong>N<\/strong><br \/>N\u00e1das Alexandra<br \/>N\u00e1das L\u00e1szl\u00f3n\u00e9<br \/>N\u00e1dler Istv\u00e1n<br \/>N\u00e1dor Tibor<br \/>Nagy Ern\u0151 S\u00e1ndor<br \/>Nagy G\u00e1bor Gy\u00f6rgy<br \/>Nagy Imre<br \/>Nagy Judit<br \/>Nagy Tam\u00e1s<br \/>Nagy Zolt\u00e1n<br \/>N\u00e9meth Andrea<br \/>N\u00e9meth J\u00f3zsef<br \/>N\u00e9meth Kl\u00e1ra<br \/>N\u00e9meth Mikl\u00f3s Ferenc<br \/>Neuberger Istv\u00e1n<br \/>Ny\u00e1ri Istv\u00e1n<br \/>Ny\u00e1ri Zsolt<br \/><br \/><strong>O<\/strong><br \/>\u00d3csai K\u00e1roly<br \/>Ol\u00e1h M\u00e1ty\u00e1s<br \/>Ol\u00e1h M\u00e1ty\u00e1s L\u00e1szl\u00f3<br \/>Olajos Gy\u00f6rgy<br \/>On\u00f3di B\u00e9la<br \/>Orosz Gell\u00e9rt<br \/>Orosz S\u00e1ra<br \/>Orsz\u00e1gh Lili<br \/><br \/><strong>P<\/strong><br \/>P\u00e1llya Celesztin<br \/>P\u00e1pai Katalin<br \/>P\u00e1pai L\u00edvia<br \/>Papp J\u00e1nos<br \/>Parrag Emil<br \/>Pataki Ferenc<br \/>Patay L\u00e1szl\u00f3 Istv\u00e1n<br \/>P\u00e1tzay P\u00e1l<br \/>Pauer Gyula<br \/>P\u00e9reli Zsuzsa<br \/>Permay \u00c9va<br \/>P\u00e9ter J\u00e1nos Vladimir<br \/>Pinke Mikl\u00f3s<br \/>Pint\u00e9r Istv\u00e1n P\u00e1l<br \/>Pirchala Imre<br \/>Pirk J\u00e1nos<br \/>Pirk L\u00e1szl\u00f3<br \/>Pleidell J\u00e1nos<br \/>Poly\u00e1k Ferenc<br \/>Puha Ferenc<br \/>Pusk\u00e1s L\u00e1szl\u00f3<br \/><br \/><strong>R<\/strong><br \/>R\u00e1c Andr\u00e1s<br \/>Rad\u00e1k G\u00e1bor<br \/>Rafael Gy\u0151z\u0151 Viktor<br \/>Rajcs\u00e1nyi Art\u00far<br \/>R\u00e9ber L\u00e1szl\u00f3<br \/>Reich G\u00e1bor<br \/>Reich K\u00e1roly<br \/>Reinhardt Istv\u00e1n<br \/>Reismann J\u00e1nos<br \/>R\u00e9kassy Csaba<br \/>R\u00e9tfalvi S\u00e1ndorn\u00e9<br \/>Rezes Moln\u00e1r Lajos<br \/>Rom\u00e1n Gy\u00f6rgy<br \/>Rosk\u00f3 G\u00e1bor<br \/>Rozanits Tibor<br \/>R\u00f3zsa L\u00e1szl\u00f3n\u00e9<br \/>R\u00f3zsahegyi Gy\u00f6rgy<br \/>Rudnay Gyula<br \/>Ruisz Gy\u00f6rgy<br \/>Ruszin\u00e1n\u00e9 T\u00f6rley M\u00e1ria<br \/><br \/><strong>S<\/strong><br \/>Sall\u00f3 Istv\u00e1n<br \/>Saly N\u00e9meth L\u00e1szl\u00f3<br \/>S\u00e1ndor Zsuzsa<br \/>Schrammel Imre<br \/>Seb\u0151k \u00c9va<br \/>Sejben Lajos<br \/>Seregi J\u00f3zsef<br \/>Sikuta Guszt\u00e1v<br \/>Simon Andr\u00e1s<br \/>Sink\u00f3 Istv\u00e1n<br \/>Sipos Istv\u00e1n<br \/>Sipos Lor\u00e1nd<br \/>Smetana Agnes<br \/>Somogyi Gy\u0151z\u0151<br \/>Somogyi J\u00f3zsef<br \/>Somogyi-Soma L\u00e1szl\u00f3<br \/>So\u00f3s Tam\u00e1s<br \/>S\u00f3v\u00e1radi Val\u00e9ria<br \/>Stefanovits P\u00e9ter<br \/>Stella Mikl\u00f3s<br \/>Subecz Gyula<br \/>Sug\u00e1r Gyul\u00e1n\u00e9<br \/>Sug\u00e1r J\u00e1nos<br \/>S\u00fct\u0151 Petre Roz\u00e1lia<br \/>Sv\u00e1by Lajos<\/p><\/div><\/div><div id=\"pgc-12396-0-3\"  class=\"panel-grid-cell\" ><div class=\"panel-widget-style\" ><p><strong>Sz<\/strong><br \/>Szab\u00f3 Istv\u00e1n<br \/>Szab\u00f3 J\u00e1nos<br \/>Szab\u00f3 M\u00e1rton<br \/>Szab\u00f3 Verona<br \/>Szab\u00f3 Vladimir<br \/>Szab\u00f3ky Zsolt<br \/>Szak\u00e1cs Imre<br \/>Szalai Zolt\u00e1n<br \/>Szalai Zolt\u00e1nn\u00e9<br \/>Szalay Lajos<br \/>Sz\u00e1nth\u00f3 Imre<br \/>Sz\u00e1nth\u00f3 M\u00e1ria<br \/>Sz\u00e1nt\u00f3 Tibor<br \/>Szanyi P\u00e9ter<br \/>Sz\u00e1sz Endre<br \/>Sz\u00e1voszt Katalin<br \/>Szebell\u00e9dy G\u00e9za<br \/>Szegedi Zolt\u00e1n<br \/>Szegv\u00e1ri K\u00e1roly<br \/>Szemad\u00e1m Gy\u00f6rgy<br \/>Szentgy\u00f6rgyi J\u00f3zsef<br \/>Szentiv\u00e1nyi Lajos<br \/>Szentj\u00f3by Tam\u00e1s<br \/>Szerv\u00e1tiusz Jen\u0151<br \/>Szerv\u00e1tiusz Tibor<br \/>Szigethy Istv\u00e1n<br \/>Szil\u00e1gyi Lenke<br \/>Szil\u00e1gyi Varga Zolt\u00e1n<br \/>Szilv\u00e1ssy P\u00e1l<br \/>Szilv\u00e1ssy P\u00e1ln\u00e9<br \/>Szirtes Tibor<br \/>Szitta Tam\u00e1s<br \/>Szl\u00e1vik Istv\u00e1n<br \/>Szobotka Imre<br \/>Sz\u0151ke J\u00e1nos<br \/>Sz\u00f6ll\u0151sy K\u00e1lm\u00e1n<br \/>Sz\u0151nyi Istv\u00e1n<br \/>Szurcsik J\u00e1nos<br \/>Szutor Katalin<br \/>Sz\u0171cs Attila<br \/><br \/><strong>T<\/strong><br \/>Tak\u00e1cs Kl\u00e1ra<br \/>Tam\u00e1s Ervin<br \/>Tar Mih\u00e1ly<br \/>Taubert Istv\u00e1nn\u00e9<br \/>Taubert L\u00e1szl\u00f3<br \/>Telcs Ede<br \/>Tenk L\u00e1szl\u00f3<br \/>Tevan Margit<br \/>Tilless B\u00e9la<br \/>Tolvaly Ern\u0151<br \/>Topor Zolt\u00e1n<br \/>T\u00f3th B. L\u00e1szl\u00f3<br \/>T\u00f3th Endre<br \/>T\u00f3th Ern\u0151<br \/>T\u00f3th Gabriella<br \/>T\u00f3th Gyula, fafarag\u00f3<br \/>T\u00f3th L\u00e1szl\u00f3n\u00e9<br \/>T\u00f6r\u00f6k Istv\u00e1nn\u00e9<br \/>T\u00f6r\u00f6k L\u00e1szl\u00f3<br \/>Tuzson-Berczeli P\u00e9ter<br \/>T\u00fcrk P\u00e9ter<br \/><br \/><strong>U<\/strong><br \/>Udvardi Erzs\u00e9bet<br \/>Ugocsai L\u00e1szl\u00f3<br \/>Uitz B\u00e9la<br \/>Ujv\u00e1ry Lajos<br \/>Uray \u00c1gnes<br \/>Urb\u00e1n Tibor<br \/><br \/><strong>V<\/strong><br \/>Vajda J\u00falia<br \/>Vajda Lajos<br \/>V\u00e1mos L\u00e1szl\u00f3<br \/>V\u00e1mos Zolt\u00e1n<br \/>Vank\u00f3 Imr\u00e9n\u00e9<br \/>V\u00e1radi P\u00e9ter P\u00e1l<br \/>V\u00e1rde\u00e1k Ferenc<br \/>Varga Imre<br \/>Varga Patricia Minerva<br \/>V\u00e1rkonyi J\u00e1nos<br \/>V\u00e1s\u00e1rhelyi J\u00e1nos<br \/>Vattay Elem\u00e9r<br \/>V\u00e9csy Attila<br \/>Velkei Imr\u00e9n\u00e9<br \/>V\u00e9n Emil<br \/>Verebics \u00c1gnes<br \/>Verebics Katalin<br \/>Veress P\u00e1l<br \/>Veress S\u00e1ndor L\u00e1szl\u00f3<br \/>V\u00e9ssey G\u00e1bor<br \/>Veszeli Lajos<br \/>Veszelszky B\u00e9la<br \/>Veszely Ferenc<br \/>V\u00edgh Tam\u00e1s<br \/>Vilhelm K\u00e1roly<br \/>Viski J\u00e1nos<br \/>Vizmathy M\u00e1ria<br \/>Vizsolyi J\u00e1nos<br \/><br \/><strong>W<\/strong><br \/>Wagner J\u00e1nos<br \/>Wahorn Andr\u00e1s<br \/>Wegroszta Gyula<br \/><br \/><strong>Z<\/strong><br \/>Z. Szab\u00f3 Zolt\u00e1n<br \/>Zala Tibor Rezs\u0151<br \/>Zicherman S\u00e1ndor R\u00f3bert<br \/>Zich\u00f3 Gabriella<br \/>Zoltai Attila<br \/>Zolt\u00e1n M\u00e1ria Fl\u00f3ra<br \/>Z\u00f6ld Anik\u00f3<\/p><\/div><\/div><\/div><\/div>","protected":false},"excerpt":{"rendered":"<p>AA. T\u00f3th S\u00e1ndorAdorj\u00e1n AttilaAlm\u00e1si L\u00e1szl\u00f3Alm\u00e1sy Alad\u00e1rAmerigo TotAnna MargitApagyi M\u00e1ria\u00c1rend\u00e1s J\u00f3zsefAsszonyi Tam\u00e1sAttalai G\u00e1borBBak ImreBak JuditBakall\u00e1r J\u00f3zsefBaksai J\u00f3zsefBal\u00e1s EszterBal\u00e1zs J\u00f3zsef R\u00f3bertBal\u00e1zs Mih\u00e1lyBal\u00e1zs Mikl\u00f3s Ern\u0151B\u00e1lind Istv\u00e1nB\u00e1lint EndreBalla Ildik\u00f3Balogh L\u00e1szl\u00f3Balogh Tibor fot\u00f3Banga FerencB\u00e1nki \u00c1kosB\u00e1novszky Mikl\u00f3sB\u00e1ny\u00e1sz \u00c9vaBarab\u00e1s M\u00e1rtonBarab\u00e1s Zs\u00f3fiaBarany\u00f3 S\u00e1ndorBarczi P\u00e1lBarcsay Jen\u0151Bard\u00f3cz LajosBartl J\u00f3zsefBaska J\u00f3zsefB\u00e1tai S\u00e1ndorBat\u00e1ri L\u00e1szl\u00f3Bat\u00e1ri L\u00e1szl\u00f3n\u00e9Bauer Gy\u00f6rgyn\u00e9Bene G\u00e9zaBenedek Gy\u00f6rgyBenedek Jen\u0151Benedek Jen\u0151 id.Benk\u00f6 ImreB\u00e9nyei T\u00fcndeB\u00e9nyi L\u00e1szl\u00f3Berki ViolaBern\u00e1th Aur\u00e9lBik\u00e1csi DanielaBod&hellip;<\/p>\n<p class=\"more-link\"><a href=\"https:\/\/www.hungart.org\/en\/irasbeli-megbizassal-kepviseltek-nevsora\/\" class=\"themebutton\">Read More<\/a><\/p>\n","protected":false},"author":3,"featured_media":0,"parent":0,"menu_order":0,"comment_status":"closed","ping_status":"closed","template":"","meta":[],"categories":[],"tags":[],"_links":{"self":[{"href":"https:\/\/www.hungart.org\/en\/wp-json\/wp\/v2\/pages\/12396"}],"collection":[{"href":"https:\/\/www.hungart.org\/en\/wp-json\/wp\/v2\/pages"}],"about":[{"href":"https:\/\/www.hungart.org\/en\/wp-json\/wp\/v2\/types\/page"}],"author":[{"embeddable":true,"href":"https:\/\/www.hungart.org\/en\/wp-json\/wp\/v2\/users\/3"}],"replies":[{"embeddable":true,"href":"https:\/\/www.hungart.org\/en\/wp-json\/wp\/v2\/comments?post=12396"}],"version-history":[{"count":3,"href":"https:\/\/www.hungart.org\/en\/wp-json\/wp\/v2\/pages\/12396\/revisions"}],"predecessor-version":[{"id":12423,"href":"https:\/\/www.hungart.org\/en\/wp-json\/wp\/v2\/pages\/12396\/revisions\/12423"}],"wp:attachment":[{"href":"https:\/\/www.hungart.org\/en\/wp-json\/wp\/v2\/media?parent=12396"}],"wp:term":[{"taxonomy":"category","embeddable":true,"href":"https:\/\/www.hungart.org\/en\/wp-json\/wp\/v2\/categories?post=12396"},{"taxonomy":"post_tag","embeddable":true,"href":"https:\/\/www.hungart.org\/en\/wp-json\/wp\/v2\/tags?post=12396"}],"curies":[{"name":"wp","href":"https:\/\/api.w.org\/{rel}","templated":true}]}}