{"id":12403,"date":"2017-07-06T14:53:41","date_gmt":"2017-07-06T14:53:41","guid":{"rendered":"http:\/\/www.hungart.org\/wordpress\/?page_id=12403\/"},"modified":"2019-01-08T13:59:01","modified_gmt":"2019-01-08T13:59:01","slug":"licensing-application","status":"publish","type":"page","link":"https:\/\/www.hungart.org\/en\/licensing-application\/","title":{"rendered":"Licensing Application"},"content":{"rendered":"<p><a href=\"http:\/\/www.hungart.org\/wp-content\/storage\/2019\/01\/Jogos\u00edt\u00e1si-k\u00e9relem.APPLICATION_2019.docx\">Licensing Application<\/a><\/p>\n","protected":false},"excerpt":{"rendered":"<p>Licensing Application<\/p>\n","protected":false},"author":5,"featured_media":0,"parent":0,"menu_order":0,"comment_status":"closed","ping_status":"closed","template":"","meta":[],"categories":[],"tags":[],"_links":{"self":[{"href":"https:\/\/www.hungart.org\/en\/wp-json\/wp\/v2\/pages\/12403"}],"collection":[{"href":"https:\/\/www.hungart.org\/en\/wp-json\/wp\/v2\/pages"}],"about":[{"href":"https:\/\/www.hungart.org\/en\/wp-json\/wp\/v2\/types\/page"}],"author":[{"embeddable":true,"href":"https:\/\/www.hungart.org\/en\/wp-json\/wp\/v2\/users\/5"}],"replies":[{"embeddable":true,"href":"https:\/\/www.hungart.org\/en\/wp-json\/wp\/v2\/comments?post=12403"}],"version-history":[{"count":5,"href":"https:\/\/www.hungart.org\/en\/wp-json\/wp\/v2\/pages\/12403\/revisions"}],"predecessor-version":[{"id":12755,"href":"https:\/\/www.hungart.org\/en\/wp-json\/wp\/v2\/pages\/12403\/revisions\/12755"}],"wp:attachment":[{"href":"https:\/\/www.hungart.org\/en\/wp-json\/wp\/v2\/media?parent=12403"}],"wp:term":[{"taxonomy":"category","embeddable":true,"href":"https:\/\/www.hungart.org\/en\/wp-json\/wp\/v2\/categories?post=12403"},{"taxonomy":"post_tag","embeddable":true,"href":"https:\/\/www.hungart.org\/en\/wp-json\/wp\/v2\/tags?post=12403"}],"curies":[{"name":"wp","href":"https:\/\/api.w.org\/{rel}","templated":true}]}}